{"id":2112,"date":"2012-12-07T01:52:36","date_gmt":"2012-12-07T00:52:36","guid":{"rendered":"http:\/\/www2.scrabbleforbundet.no\/?page_id=2112"},"modified":"2025-08-12T12:58:33","modified_gmt":"2025-08-12T11:58:33","slug":"ord-som-savnes-i-wordfeud-og-ordspill","status":"publish","type":"page","link":"http:\/\/www2.scrabbleforbundet.no\/?page_id=2112","title":{"rendered":"Ord som savnes i Wordfeud og Ordspill"},"content":{"rendered":"<p>NSF-ordlisten brukes ikke bare i NSFs turneringer, men ogs\u00e5 av <a title=\"Wordfeud\" href=\"http:\/\/wordfeud.com\/\" target=\"_blank\" rel=\"noopener noreferrer\">Wordfeud<\/a> og <a href=\"http:\/\/www.ordspill.no\" target=\"_blank\" rel=\"noopener noreferrer\">Ordspill<\/a>. Du kan <a title=\"NSF-ordlisten\" href=\"http:\/\/www2.scrabbleforbundet.no\/?page_id=1488\">lese mer om den her<\/a>.<\/p>\n<p>Vi \u00f8nsker en ordliste som er s\u00e5 rikholdig som mulig, og setter stor pris p\u00e5 at spillerne foresl\u00e5r nye ord. Ser \u00f8nskelisten litt slunken ut, er det fordi det ikke er s\u00e5 lenge siden forrige oppdatering. Det kan ogs\u00e5 hende at ord som mangler i listen ikke st\u00e5r her, men likevel ligger i databasen v\u00e5r \u2013 det tar litt tid \u00e5 f\u00e5 vurdert ord ogs\u00e5 etter at de er lagt inn der.<\/p>\n<p><strong>Er det ord du savner i ordlisten?<\/strong> Foresl\u00e5 dem i en kommentar nederst p\u00e5 siden. <span style=\"text-decoration: underline;\">Gi helst en definisjon ogs\u00e5, med mindre ordet er helt selvforklarende.<\/span> Det hjelper oss veldig. Vi er ganske gode i norsk, men vi er ikke synske.<span style=\"text-decoration: underline;\"><br \/>\n<\/span><\/p>\n<p><strong>Les gjerne dette f\u00f8r du legger inn forslaget ditt:<\/strong> Vi f\u00f8lger bokm\u00e5lsreglene, men st\u00e5r fritt til \u00e5 ta inn ord det ikke allerede eksisterer en normering for. Alle forslag vil bli sjekket opp mot eksisterende ordb\u00f8ker og andre kilder, samt mot gjeldende rettskrivningsregler.<\/p>\n<p>Mange spillere etterlyser forkortelser som DJ, VM, NM, pH, MC, CA, CT o.l., men ordlisten inneholder ingen forkortelser, og skal heller ikke gj\u00f8re det. Ord som PC, TV, CV, DVD, WC og CD oppfattes ofte som forkortelser, men de er normert som substantiver. Det skyldes at vi aldri tok i bruk \u00abpersonal computer\u00bb og \u00abcompact disc\u00bb p\u00e5 norsk \u2013 i stedet gikk vi rett til PC og CD, og b\u00f8yde dem som substantiver. Derfor regnes disse ikke som forkortelser, men som initialord og substantiver.<\/p>\n<p>Reglene for Scrabble sier i tillegg at alle ord som godkjennes i spillet m\u00e5 kunne skrives bare med sm\u00e5 bokstaver. Ord som pH, DJ og MC, som ofte etterlyses, kan ikke det. Derfor st\u00e5r ikke disse i ordlisten.<\/p>\n<p><strong>Tusen takk for at du bidrar!<\/strong><\/p>\n<p>Ord som st\u00e5r i <em>kursiv<\/em>, er manglende former av ord som allerede st\u00e5r i ordlisten.<\/p>\n<table width=\"658\">\n<thead>\n<tr>\n<th>A<\/th>\n<th>B<\/th>\n<th>C<\/th>\n<th>D<\/th>\n<\/tr>\n<\/thead>\n<tbody>\n<tr>\n<td>\n<h5>airbrush s.<br \/>\nairbrushe v.<br \/>\nanabiose s.<br \/>\nanabiotisk adj.<br \/>\nanalkuler s.<\/h5>\n<p><em>\u00a0<\/em><\/td>\n<td>\n<h5>balise s.<br \/>\nbarrot s.<\/h5>\n<\/td>\n<td>\n<h5>cepelinai s.<br \/>\nchimichurri s.<br \/>\nchurro s.<br \/>\ncowboystrekk s.<br \/>\ncubit s.<\/h5>\n<\/td>\n<td>\n<h5>dome s.<br \/>\ndryas s.<\/h5>\n<\/td>\n<\/tr>\n<\/tbody>\n<thead>\n<tr>\n<th>E<\/th>\n<th>F<\/th>\n<th>G<\/th>\n<th>H<\/th>\n<\/tr>\n<\/thead>\n<tbody>\n<tr>\n<td>\n<h5>ergodisk adj.<br \/>\nergodisitet s.<\/h5>\n<\/td>\n<td>\n<h5>fasadeliv s.<br \/>\nfedabu s.<br \/>\nfjotlending s.<br \/>\nfr\u00f8s\u00e5 v.<\/h5>\n<\/td>\n<td>\n<h5>(til) gangs<br \/>\ngjeldsgrad s.<\/h5>\n<\/td>\n<td>\n<h5>hangul\u00a0s.<br \/>\nhenrulle v.<br \/>\nhevnglad adj.<br \/>\nhjertef\u00f8lt adj.<br \/>\nhoiste v.<br \/>\nhord s.<\/h5>\n<\/td>\n<\/tr>\n<\/tbody>\n<thead>\n<tr>\n<th>I<\/th>\n<th>J<\/th>\n<th>K<\/th>\n<th>L<\/th>\n<\/tr>\n<\/thead>\n<tbody>\n<tr>\n<td>\n<h5>ijaw s.<\/h5>\n<\/td>\n<td>\n<h5>jacuzzi s.<\/h5>\n<\/td>\n<td>\n<h5>keytar s.<em><br \/>\nklypt v.<\/em><br \/>\nknipekuler s.<br \/>\nkrele v.<br \/>\nkyllingnugget s.<br \/>\nkystlag s.<\/h5>\n<\/td>\n<td>\n<h5>lamme\u00f8re s.<br \/>\nlimstav s.<br \/>\nlinbukse s.<br \/>\nlinskap s.<br \/>\nl\u00f8nnsgap s.<\/h5>\n<\/td>\n<\/tr>\n<\/tbody>\n<thead>\n<tr>\n<th>M<\/th>\n<th>N<\/th>\n<th>O<\/th>\n<th>P<\/th>\n<\/tr>\n<\/thead>\n<tbody>\n<tr>\n<td>\n<h5>massed\u00e5p s.<br \/>\nmezzoforte s.<\/h5>\n<\/td>\n<td>\n<h5>nduja s.<br \/>\nnugget s.<\/h5>\n<\/td>\n<td>\n<h5>oljesjekk s.<br \/>\noogenese s.<\/h5>\n<\/td>\n<td>\n<h5>petanque s.<\/h5>\n<\/td>\n<\/tr>\n<\/tbody>\n<thead>\n<tr>\n<th>QR<\/th>\n<th>S<\/th>\n<th>T<\/th>\n<th>U<\/th>\n<\/tr>\n<\/thead>\n<tbody>\n<tr>\n<td>\n<h5>revylag s.<br \/>\nrogntjuv\/-tyv s.<br \/>\nrugeri s.<br \/>\nrusvane s.<br \/>\nryggkr\u00e5l s.<\/h5>\n<\/td>\n<td>\n<h5>sexleket\u00f8y s.<br \/>\ns(c)enetid s.<br \/>\nskeg s.<br \/>\nskillesett s.<br \/>\nskittlag s.<br \/>\nskop s.<br \/>\nsl\u00e5pet(e) adj.<br \/>\nsn\u00f8kone s.<br \/>\nstring s.<\/h5>\n<\/td>\n<td>\n<h5>talemelding s.<br \/>\ntapsf\u00f8re v.<br \/>\ntaser s.<br \/>\ntramle v.<br \/>\ntrendig adj.<\/h5>\n<\/td>\n<td>\n<h5>uvridd adj.<\/h5>\n<\/td>\n<\/tr>\n<\/tbody>\n<thead>\n<tr>\n<th>V<\/th>\n<th>W<\/th>\n<th>XYZ<\/th>\n<th>\u00c6\u00d8\u00c5<\/th>\n<\/tr>\n<\/thead>\n<tbody>\n<tr>\n<td>\n<h5>vaginakuler s.<br \/>\nvaginalkuler s.<br \/>\nvegd\u00f8l s.<br \/>\nveggfeste s.<br \/>\nveggliv s.<br \/>\nveskel\u00e5s s.<br \/>\n<em>voksene s<\/em>.<br \/>\nvondt s.<br \/>\nv\u00f8 v.<\/h5>\n<\/td>\n<td>\n<h5>wolof s.<\/h5>\n<\/td>\n<td><\/td>\n<td>\n<h5>\u00e6dda b\u00e6dda<br \/>\n\u00f8nskebe(i)n s.<\/h5>\n<\/td>\n<\/tr>\n<\/tbody>\n<\/table>\n","protected":false},"excerpt":{"rendered":"<p>NSF-ordlisten brukes ikke bare i NSFs turneringer, men ogs\u00e5 av Wordfeud og Ordspill. Du kan lese mer om den her. Vi \u00f8nsker en ordliste som er s\u00e5 rikholdig som mulig, og setter stor pris p\u00e5 at spillerne foresl\u00e5r nye ord. &hellip; <a href=\"http:\/\/www2.scrabbleforbundet.no\/?page_id=2112\">Les videre <span class=\"meta-nav\">&rarr;<\/span><\/a><\/p>\n","protected":false},"author":3,"featured_media":0,"parent":83,"menu_order":9,"comment_status":"open","ping_status":"closed","template":"","meta":{"_bbp_topic_count":0,"_bbp_reply_count":0,"_bbp_total_topic_count":0,"_bbp_total_reply_count":0,"_bbp_voice_count":0,"_bbp_anonymous_reply_count":0,"_bbp_topic_count_hidden":0,"_bbp_reply_count_hidden":0,"_bbp_forum_subforum_count":0,"footnotes":""},"class_list":["post-2112","page","type-page","status-publish","hentry"],"_links":{"self":[{"href":"http:\/\/www2.scrabbleforbundet.no\/index.php?rest_route=\/wp\/v2\/pages\/2112","targetHints":{"allow":["GET"]}}],"collection":[{"href":"http:\/\/www2.scrabbleforbundet.no\/index.php?rest_route=\/wp\/v2\/pages"}],"about":[{"href":"http:\/\/www2.scrabbleforbundet.no\/index.php?rest_route=\/wp\/v2\/types\/page"}],"author":[{"embeddable":true,"href":"http:\/\/www2.scrabbleforbundet.no\/index.php?rest_route=\/wp\/v2\/users\/3"}],"replies":[{"embeddable":true,"href":"http:\/\/www2.scrabbleforbundet.no\/index.php?rest_route=%2Fwp%2Fv2%2Fcomments&post=2112"}],"version-history":[{"count":280,"href":"http:\/\/www2.scrabbleforbundet.no\/index.php?rest_route=\/wp\/v2\/pages\/2112\/revisions"}],"predecessor-version":[{"id":5123,"href":"http:\/\/www2.scrabbleforbundet.no\/index.php?rest_route=\/wp\/v2\/pages\/2112\/revisions\/5123"}],"up":[{"embeddable":true,"href":"http:\/\/www2.scrabbleforbundet.no\/index.php?rest_route=\/wp\/v2\/pages\/83"}],"wp:attachment":[{"href":"http:\/\/www2.scrabbleforbundet.no\/index.php?rest_route=%2Fwp%2Fv2%2Fmedia&parent=2112"}],"curies":[{"name":"wp","href":"https:\/\/api.w.org\/{rel}","templated":true}]}}