{"id":22,"date":"2011-02-19T19:25:30","date_gmt":"2011-02-19T18:25:30","guid":{"rendered":"http:\/\/scrabble.hexproblems.com\/?page_id=22"},"modified":"2013-10-07T15:37:48","modified_gmt":"2013-10-07T14:37:48","slug":"turneringsregler","status":"publish","type":"page","link":"http:\/\/www2.scrabbleforbundet.no\/?page_id=22","title":{"rendered":"Turneringsreglement"},"content":{"rendered":"<p>Reglene for \u00e5 spille Scrabble i turneringer er stort sett de samme som i vanlig Scrabble, men det er noen forskjeller. For eksempel spilles det med klokke, et s\u00e5kalt sjakkur, som s\u00f8rger for at begge spillerne har like mye tenketid til r\u00e5dighet. I tillegg m\u00e5 begge spillerne holde rede p\u00e5 poengene.<\/p>\n<p>Det fullstendige turneringsreglementet kan lastes ned nederst p\u00e5 siden. De viktigste punktene du trenger \u00e5 kjenne til hvis du har tenkt \u00e5 delta i turneringer, er disse:<\/p>\n<ul>\n<li>Det spilles bare partier med to spillere.<\/li>\n<li>Hver spiller har 30 minutter til r\u00e5dighet til alle trekkene i l\u00f8pet av partiet. Dersom man bruker mer enn 30 minutter, blir man fratrukket 10 poeng for hvert p\u00e5begynte minutt utover den tilm\u00e5lte tenketiden. Dersom man bruker mer enn fem minutter mer enn den tilm\u00e5lte tiden, taper man partiet automatisk.<\/li>\n<li>Begge spillerne m\u00e5 f\u00f8re protokoll over poengsummen. Hvis man p\u00e5 et hvilket som helst tidspunkt oppdager at man har notert forskjellig poengsum, skal man sette klokka p\u00e5 pause og finne ut hvor det har oppst\u00e5tt en feil f\u00f8r man fortsetter spillet.<\/li>\n<li>Etter \u00e5 ha lagt et ord p\u00e5 brettet, skal man kunngj\u00f8re poengsummen man f\u00e5r f\u00f8r man trykker p\u00e5 klokka. Man har rett til \u00e5 omgj\u00f8re trekket helt til man har trykket p\u00e5 klokka. Spilleren m\u00e5 notere poengsummen i protokollen f\u00f8r nye brikker kan trekkes.<\/li>\n<li>Dersom man mener at motstanderen har lagt et eller flere ord som ikke er akseptabelt, kan man utfordre det. I s\u00e5 fall setter man klokka p\u00e5 pause og tilkaller en dommer som avgj\u00f8r om ordet eller ordene er godkjent. Dersom et eller flere av ordene som ble utfordret, ikke er godkjent, m\u00e5 spilleren som gjorde trekket ta brikkene tilbake og mister turen sin. Dersom alle ordene som ble utfordret, er godkjent, blir spilleren som utfordret det fratrukket 10 poeng, men beholder turen.<\/li>\n<li>Man har rett til \u00e5 utfordre motspillerens trekk helt til motspilleren har stukket h\u00e5nden i brikkeposen for \u00e5 trekke nye brikker. Dersom man er i tvil om man vil utfordre trekket, kan man si \u00abvent\u00bb f\u00f8r motspilleren har begynt \u00e5 trekke nye brikker; motspilleren m\u00e5 da vente med \u00e5 trekke nye brikker til spilleren har bestemt om han eller hun vil utfordre trekket. Dersom spilleren i dette tilfellet bruker mer enn tjue sekunder p\u00e5 \u00e5 bestemme seg, kan motspilleren likevel trekke nye brikker, men m\u00e5 holde disse atskilt fra sine gamle brikker til spilleren enten utfordrer eller aksepterer trekket.<\/li>\n<li>En spiller aksepterer motspillerens trekk dersom han eller hun\n<ul>\n<li>f\u00f8rer poengsummen i sin protokoll uten f\u00f8rst \u00e5 ha sagt \u00abvent\u00bb,<\/li>\n<li>legger en av sine egne brikker p\u00e5 brettet for \u00e5 gj\u00f8re et trekk, eller<\/li>\n<li>tilkjennegir muntlig at han eller hun aksepterer trekket etter f\u00f8rst \u00e5 ha sagt \u00abvent\u00bb.<\/li>\n<\/ul>\n<\/li>\n<li>Dersom man \u00f8nsker \u00e5 bytte brikker, legger man brikkene man vil bytte, ned, trykker p\u00e5 klokka og trekker s\u00e5 nye brikker f\u00f8r man legger de bortbyttede brikkene tilbake i posen. Det er ikke tillatt \u00e5 bytte hvis det er f\u00e6rre enn sju brikker i posen.<\/li>\n<li>Spillet er slutt hvis det g\u00e5r seks runder uten at noen av spillerne f\u00e5r noen poeng.<\/li>\n<\/ul>\n<p><a href=\"http:\/\/www2.scrabbleforbundet.no\/wp-content\/uploads\/2013\/10\/turneringsreglement.pdf\" rel=\"attachment wp-att-2320\">Komplett turneringsreglement (PDF)<\/a><\/p>\n","protected":false},"excerpt":{"rendered":"<p>Reglene for \u00e5 spille Scrabble i turneringer er stort sett de samme som i vanlig Scrabble, men det er noen forskjeller. For eksempel spilles det med klokke, et s\u00e5kalt sjakkur, som s\u00f8rger for at begge spillerne har like mye tenketid &hellip; <a href=\"http:\/\/www2.scrabbleforbundet.no\/?page_id=22\">Les videre <span class=\"meta-nav\">&rarr;<\/span><\/a><\/p>\n","protected":false},"author":2,"featured_media":0,"parent":20,"menu_order":0,"comment_status":"open","ping_status":"open","template":"","meta":{"_bbp_topic_count":0,"_bbp_reply_count":0,"_bbp_total_topic_count":0,"_bbp_total_reply_count":0,"_bbp_voice_count":0,"_bbp_anonymous_reply_count":0,"_bbp_topic_count_hidden":0,"_bbp_reply_count_hidden":0,"_bbp_forum_subforum_count":0,"footnotes":""},"class_list":["post-22","page","type-page","status-publish","hentry"],"_links":{"self":[{"href":"http:\/\/www2.scrabbleforbundet.no\/index.php?rest_route=\/wp\/v2\/pages\/22","targetHints":{"allow":["GET"]}}],"collection":[{"href":"http:\/\/www2.scrabbleforbundet.no\/index.php?rest_route=\/wp\/v2\/pages"}],"about":[{"href":"http:\/\/www2.scrabbleforbundet.no\/index.php?rest_route=\/wp\/v2\/types\/page"}],"author":[{"embeddable":true,"href":"http:\/\/www2.scrabbleforbundet.no\/index.php?rest_route=\/wp\/v2\/users\/2"}],"replies":[{"embeddable":true,"href":"http:\/\/www2.scrabbleforbundet.no\/index.php?rest_route=%2Fwp%2Fv2%2Fcomments&post=22"}],"version-history":[{"count":4,"href":"http:\/\/www2.scrabbleforbundet.no\/index.php?rest_route=\/wp\/v2\/pages\/22\/revisions"}],"predecessor-version":[{"id":2910,"href":"http:\/\/www2.scrabbleforbundet.no\/index.php?rest_route=\/wp\/v2\/pages\/22\/revisions\/2910"}],"up":[{"embeddable":true,"href":"http:\/\/www2.scrabbleforbundet.no\/index.php?rest_route=\/wp\/v2\/pages\/20"}],"wp:attachment":[{"href":"http:\/\/www2.scrabbleforbundet.no\/index.php?rest_route=%2Fwp%2Fv2%2Fmedia&parent=22"}],"curies":[{"name":"wp","href":"https:\/\/api.w.org\/{rel}","templated":true}]}}