{"id":239,"date":"2011-02-27T00:30:37","date_gmt":"2011-02-26T23:30:37","guid":{"rendered":"http:\/\/www2.scrabbleforbundet.no\/?page_id=239"},"modified":"2013-02-17T03:51:56","modified_gmt":"2013-02-17T02:51:56","slug":"turnering-pa-engelsk-15-januar-2011","status":"publish","type":"page","link":"http:\/\/www2.scrabbleforbundet.no\/?page_id=239","title":{"rendered":"Turnering p\u00e5 engelsk 15. januar 2011"},"content":{"rendered":"<p>15. januar 2011 kl. 12 arrangerte Norsk scrabbleforbund for f\u00f8rste gang turnering p\u00e5 engelsk. Stedet var denne gangen Asylet p\u00e5 Gr\u00f8nland i Oslo.<\/p>\n<p>Vi fulgte reglene som brukes i internasjonale scrabbleturneinger p\u00e5 engelsk, med 25 minutter tenketid, og spilte selvsagt med engelske brikkesett og den samme ordlista som brukes i det engelske verdensmesterskapet.<\/p>\n","protected":false},"excerpt":{"rendered":"<p>15. januar 2011 kl. 12 arrangerte Norsk scrabbleforbund for f\u00f8rste gang turnering p\u00e5 engelsk. Stedet var denne gangen Asylet p\u00e5 Gr\u00f8nland i Oslo. Vi fulgte reglene som brukes i internasjonale scrabbleturneinger p\u00e5 engelsk, med 25 minutter tenketid, og spilte selvsagt &hellip; <a href=\"http:\/\/www2.scrabbleforbundet.no\/?page_id=239\">Les videre <span class=\"meta-nav\">&rarr;<\/span><\/a><\/p>\n","protected":false},"author":3,"featured_media":0,"parent":1219,"menu_order":0,"comment_status":"open","ping_status":"open","template":"","meta":{"_bbp_topic_count":0,"_bbp_reply_count":0,"_bbp_total_topic_count":0,"_bbp_total_reply_count":0,"_bbp_voice_count":0,"_bbp_anonymous_reply_count":0,"_bbp_topic_count_hidden":0,"_bbp_reply_count_hidden":0,"_bbp_forum_subforum_count":0,"footnotes":""},"class_list":["post-239","page","type-page","status-publish","hentry"],"_links":{"self":[{"href":"http:\/\/www2.scrabbleforbundet.no\/index.php?rest_route=\/wp\/v2\/pages\/239","targetHints":{"allow":["GET"]}}],"collection":[{"href":"http:\/\/www2.scrabbleforbundet.no\/index.php?rest_route=\/wp\/v2\/pages"}],"about":[{"href":"http:\/\/www2.scrabbleforbundet.no\/index.php?rest_route=\/wp\/v2\/types\/page"}],"author":[{"embeddable":true,"href":"http:\/\/www2.scrabbleforbundet.no\/index.php?rest_route=\/wp\/v2\/users\/3"}],"replies":[{"embeddable":true,"href":"http:\/\/www2.scrabbleforbundet.no\/index.php?rest_route=%2Fwp%2Fv2%2Fcomments&post=239"}],"version-history":[{"count":2,"href":"http:\/\/www2.scrabbleforbundet.no\/index.php?rest_route=\/wp\/v2\/pages\/239\/revisions"}],"predecessor-version":[{"id":2445,"href":"http:\/\/www2.scrabbleforbundet.no\/index.php?rest_route=\/wp\/v2\/pages\/239\/revisions\/2445"}],"up":[{"embeddable":true,"href":"http:\/\/www2.scrabbleforbundet.no\/index.php?rest_route=\/wp\/v2\/pages\/1219"}],"wp:attachment":[{"href":"http:\/\/www2.scrabbleforbundet.no\/index.php?rest_route=%2Fwp%2Fv2%2Fmedia&parent=239"}],"curies":[{"name":"wp","href":"https:\/\/api.w.org\/{rel}","templated":true}]}}