{"id":2956,"date":"2013-11-28T13:00:30","date_gmt":"2013-11-28T12:00:30","guid":{"rendered":"http:\/\/www2.scrabbleforbundet.no\/?page_id=2956"},"modified":"2013-11-28T13:15:53","modified_gmt":"2013-11-28T12:15:53","slug":"referat-fra-generalforsamlingen-2013","status":"publish","type":"page","link":"http:\/\/www2.scrabbleforbundet.no\/?page_id=2956","title":{"rendered":"Referat fra generalforsamlingen 2013"},"content":{"rendered":"<p>Protokoll fra Generalforsamlingen i Norsk scrabbleforbund 23. 11. 2013<\/p>\n<p>Til stede: Torill Johansen, Kirsti N\u00e6ss, Anlaug Frydenlund, Taral Guldahl Seiersted, Anita Mu\u00f1oz, Vibeke Stang Ling\u00e5s, Jon Aam Svendsen, Joel Chelliah, Karin Hvenekilde og Ruth Larsen.<\/p>\n<p>1. Konstituering<\/p>\n<p>Styrets leder Torill Johansen \u00f8nsket velkommen og foreslo Taral Guldahl Seiersted som dirigent. Det ble enstemmig vedtatt. Innkalling og dagsorden ble deretter godkjent. Det forel\u00e5 ingen skriftlige fullmakter. Ruth Larsen ble valgt til referent, Anlaug Frydenlund og Anita Mu\u00f1oz ble valgt til \u00e5 underskrive protokollen. Vibeke Stang Ling\u00e5s framla forslag til \u00e9n sak som ikke var varslet p\u00e5 forh\u00e5nd: Opprettelse av Norsk scrabbleforbunds hederspris.<\/p>\n<p>2. Styrets \u00e5rsberetning<\/p>\n<p>Torill Johansen gjennomgikk \u00e5rsberetningen. \u00c5ret har v\u00e6rt preget av \u00f8kt aktivitet, s\u00e6rlig i Oslo, Bergen og Trondheim. I tillegg til \u00f8kt aktivitet p\u00e5 turneringsfronten, har det ogs\u00e5 blitt etablert faste spillkvelder i disse byene. Det er ogs\u00e5 avholdt turneringer flere nye steder, samt utenlands. Antallet medlemmer er 112. Samtlige har deltatt i en eller flere turneringer i l\u00f8pet av \u00e5ret.<\/p>\n<p>Styret har i perioden best\u00e5tt av:<br \/>\nTorill Johansen \u2013 president<br \/>\nKirsti N\u00e6ss \u2013 visepresident<br \/>\nAnlaug Frydenlund \u2013 styremedlem Taral Guldahl Seierstad \u2013 styremedlem<br \/>\nRuth Larsen \u2013 styremedlem<br \/>\nAnita Mu\u00f1oz \u2013 styremedlem<br \/>\nKnut Helset \u2013 styremedlem (trakk seg i mars)<\/p>\n<p>Det har v\u00e6rt avholdt styrem\u00f8te ca. annenhver m\u00e5ned.<\/p>\n<p>Spr\u00e5kkomiteen har som tidligere best\u00e5tt av Kirsti N\u00e6ss, Toril Opsahl, Taral G. Seierstad og Kirsti Vogt. M\u00e5let er \u00e5 ferdigstille ordlisten i god tid f\u00f8r NM i 2014.<\/p>\n<p>Sponsorvirksomhet: Wordfeuds Haakon Bertheussen har i 2013 bist\u00e5tt Norsk Scrabbleforbund med kr 15 000 til nye brikkesett og kr 10 000 til Norges deltaker til verdensmesterskapet i Scrabble.<\/p>\n<p>PR\/ekstern kommunikasjon: Det har v\u00e6rt relativt liten aktivitet i 2013 i forhold til i 2012.<\/p>\n<p>\u00c5rsmeldingen ble tatt til etterretning.<\/p>\n<p>3. Regnskap<\/p>\n<p>Anlaug Frydenlund framla regnskapet. Det er fra i h\u00f8st lagt ut en anmodning til medlemmene \u00e5 betale inn mer enn den \u00e5rlige kontingenten p\u00e5 kr 100. Ekstra innbetalt er kroner 4700 fra i alt 15 av medlemmene. Arbeidet med \u00e5 skaffe nye brikkesett har vist seg vanskelig, og har enn\u00e5 ikke funnet sin l\u00f8sning. Det er ogs\u00e5 behov for ca 25 nye proff-brett. Saken jobbes videre med i 2014.<\/p>\n<p>I 2013 har det ogs\u00e5 v\u00e6rt innf\u00f8rt frivillig turneringsavgift.<\/p>\n<p>Overskuddet i 2013 er p\u00e5 kr 27.137, hvorav 15 000 er \u00f8remerket brikker. Overf\u00f8rt fra 2012 er kr 5726. Totalt: Kroner 32.863. Det byttes bank fra 1.1.2014, og det begrunnes med n\u00e5v\u00e6rende banks gebyrlegging av at forbundet har to fullmaktshavere.<\/p>\n<p>I revisors beretning p\u00e5pekte revisor Vibeke Stang Ling\u00e5s noen svakheter som kan rettes opp: Manglende rutiner ved registrering av nye medlemmer og manglende bilag for utgifter. Disse er det imidlertid mer enn godt nok redegjort for, men det henstilles til at det nye styret utarbeider bedre rutiner. Videre etterlyste revisor tydeliggj\u00f8ring av sponsormidler\/gaver i regnskapet.<\/p>\n<p>Arbeidet i styret har v\u00e6rt utf\u00f8rt 100 prosent p\u00e5 frivillig basis. Det ble likevel p\u00e5pekt at frivillig arbeid ikke skal koste noe for dem som utf\u00f8rer det, og at det vil v\u00e6re rimelig at p\u00e5l\u00f8pte kostnader etter avtale burde kunne dekkes. Det gjelder f eks utgifter til reise for \u00e5 avholde turneringer &#8211; og utgifter til enklere bevertning\/kaffe p\u00e5 styrem\u00f8tene.<\/p>\n<p>Ansvarsfrihet for styret ble vedtatt. Styret godkjente regnskapet enstemmig.<\/p>\n<p>4. Forslag til endring av vedtektene<\/p>\n<p>Forslag 1 fra styret:<br \/>\n\u00a73, 1. avsnitt, 2. setning endres fra: \u201dForbundsstyret kunngj\u00f8r generalforsamling med minst 2 m\u00e5neders varsel\u201d til \u201dForbundsstyret kunngj\u00f8r generalforsamling med minst 6 ukers varsel\u201d.<\/p>\n<p>Enstemmig vedtatt.<\/p>\n<p>Forslag 2 fra styret:<br \/>\n\u00a7 3, 3. avsnitt 1. setning. \u201dAlle medlemmer som har betalt kontingent, har stemmerett p\u00e5 generalforsamlingen med \u00e9n stemme hver\u201d. Endres til:<\/p>\n<p>\u201dAlle medlemmer som har betalt kontingent og har v\u00e6rt medlem i minst 2 uker, har stemmerett p\u00e5 generalforsamlingen med \u00e9n stemme hver\u201d.<\/p>\n<p>Vedtatt med mer enn 2\/3 flertall.<\/p>\n<p>Forslag 3 fra styret:<br \/>\n\u00a73, 3. avsnitt, 2. setning<\/p>\n<p>\u201dIngen kan ha med fullmakt for mer enn to andre medlemmer\u201d. Enstemmig vedtatt.<\/p>\n<p>Forslag 4 fra Kirsti N\u00e6ss:<br \/>\nNorsk scrabbleforbund skifter navn til Norsk Scrabbleforbund. Forslaget ble vedtatt.<\/p>\n<p>Andre innkomne forslag: Vibeke Stang Ling\u00e5s<\/p>\n<p>Forslag om \u00e5 etablere Norsk Scrabbleforbunds hederspris.<\/p>\n<p>Forslaget ble enstemmig vedtatt. Styret avgj\u00f8r navnet p\u00e5 prisen og nedsetter en egen komite for form\u00e5let. Medlemmene inviteres til \u00e5 komme med innspill til prisens navn og til nominasjoner.<\/p>\n<p>6. Valg<\/p>\n<p>Valgkomiteens innstilling:<\/p>\n<p>Anita Mu\u00f1oz, president \u2013 velges for 1 \u00e5r<br \/>\nTaral Guldahl Seierstad \u2013 sittende styremedlem gjenvelges for ett \u00e5r<br \/>\nAnlaugs Frydenlund \u2013 sittende styremedlem gjenvelges for ett \u00e5r<br \/>\nVibeke Stang Ling\u00e5s \u2013 nytt styremedlem velges for to \u00e5r<br \/>\nIvar Areklett \u2013 nytt styremedlem velges for to \u00e5r<br \/>\nJon Aam Svendsen \u2013 nytt styremedlem velges for to \u00e5r<br \/>\nIkke p\u00e5 valg: Ruth Larsen, styremedlem<\/p>\n<p>Enstemmig vedtak.<\/p>\n<p>Revisor: Tom Bovim<\/p>\n<p>Enstemmig vedtak.<\/p>\n<p>Valgkomit\u00e8<br \/>\nValgkomiteen innstiller:<br \/>\nAnn-Mari R\u00f8ng, gjenvelges for ett \u00e5r<br \/>\nKent B\u00f8rre Mikalsen, gjenvelges for ett \u00e5r<br \/>\nKirsti Vogt, gjenvelges for ett \u00e5r.<\/p>\n<p>Enstemmig vedtak.<\/p>\n<p>Generalforsamlingen valgte Kirsti Vogt som fortsatt leder av valgkomiteen.<\/p>\n<p>M\u00f8tet hevet.<\/p>\n","protected":false},"excerpt":{"rendered":"<p>Protokoll fra Generalforsamlingen i Norsk scrabbleforbund 23. 11. 2013 Til stede: Torill Johansen, Kirsti N\u00e6ss, Anlaug Frydenlund, Taral Guldahl Seiersted, Anita Mu\u00f1oz, Vibeke Stang Ling\u00e5s, Jon Aam Svendsen, Joel Chelliah, Karin Hvenekilde og Ruth Larsen. 1. Konstituering Styrets leder Torill &hellip; <a href=\"http:\/\/www2.scrabbleforbundet.no\/?page_id=2956\">Les videre <span class=\"meta-nav\">&rarr;<\/span><\/a><\/p>\n","protected":false},"author":373,"featured_media":0,"parent":2899,"menu_order":0,"comment_status":"open","ping_status":"open","template":"","meta":{"_bbp_topic_count":0,"_bbp_reply_count":0,"_bbp_total_topic_count":0,"_bbp_total_reply_count":0,"_bbp_voice_count":0,"_bbp_anonymous_reply_count":0,"_bbp_topic_count_hidden":0,"_bbp_reply_count_hidden":0,"_bbp_forum_subforum_count":0,"footnotes":""},"class_list":["post-2956","page","type-page","status-publish","hentry"],"_links":{"self":[{"href":"http:\/\/www2.scrabbleforbundet.no\/index.php?rest_route=\/wp\/v2\/pages\/2956","targetHints":{"allow":["GET"]}}],"collection":[{"href":"http:\/\/www2.scrabbleforbundet.no\/index.php?rest_route=\/wp\/v2\/pages"}],"about":[{"href":"http:\/\/www2.scrabbleforbundet.no\/index.php?rest_route=\/wp\/v2\/types\/page"}],"author":[{"embeddable":true,"href":"http:\/\/www2.scrabbleforbundet.no\/index.php?rest_route=\/wp\/v2\/users\/373"}],"replies":[{"embeddable":true,"href":"http:\/\/www2.scrabbleforbundet.no\/index.php?rest_route=%2Fwp%2Fv2%2Fcomments&post=2956"}],"version-history":[{"count":6,"href":"http:\/\/www2.scrabbleforbundet.no\/index.php?rest_route=\/wp\/v2\/pages\/2956\/revisions"}],"predecessor-version":[{"id":2960,"href":"http:\/\/www2.scrabbleforbundet.no\/index.php?rest_route=\/wp\/v2\/pages\/2956\/revisions\/2960"}],"up":[{"embeddable":true,"href":"http:\/\/www2.scrabbleforbundet.no\/index.php?rest_route=\/wp\/v2\/pages\/2899"}],"wp:attachment":[{"href":"http:\/\/www2.scrabbleforbundet.no\/index.php?rest_route=%2Fwp%2Fv2%2Fmedia&parent=2956"}],"curies":[{"name":"wp","href":"https:\/\/api.w.org\/{rel}","templated":true}]}}