{"id":556,"date":"2011-08-08T00:01:33","date_gmt":"2011-08-07T23:01:33","guid":{"rendered":"http:\/\/www2.scrabbleforbundet.no\/?page_id=556"},"modified":"2012-01-19T09:04:48","modified_gmt":"2012-01-19T08:04:48","slug":"nsf-i-media-og-pa-andre-nettsteder","status":"publish","type":"page","link":"http:\/\/www2.scrabbleforbundet.no\/?page_id=556","title":{"rendered":"NSF i media og p\u00e5 andre nettsteder"},"content":{"rendered":"<p>Her finner du lenker til avisartikler og annet der Norsk scrabbleforbund figurerer.<\/p>\n<p>Du kan h\u00f8re <strong>Radio Nova<\/strong>s innslag om NSF <a href=\"http:\/\/radionova.no\/artikkel\/n%C3%A5r-tankevirksomheten-m%C3%B8ter-flaksen-til-sjakkduell\" target=\"_blank\">her<\/a>.<\/p>\n<p><strong>Aftenpostens<\/strong> artikkel om Norges deltager under VM i Scrabble 2011 finnes <a href=\"http:\/\/www.aftenposten.no\/kultur\/article4254688.ece\" target=\"_blank\">her<\/a>.<\/p>\n<p><strong> <\/strong> <strong> <\/strong><\/p>\n<p>Etter at mobil- og nettbrettappen <strong>WordFeud<\/strong> virkelig tok av, kunne ikke media f\u00e5 nok av NSF:<\/p>\n<ul>\n<li><strong>Aftenposten<\/strong> lot opptil flere representanter for NSF uttale seg om Wordfeud i en av <a href=\"http:\/\/www.aftenposten.no\/kultur\/-vge-vgete-har-vget-6674959.html\" target=\"_blank\">sine f\u00f8rste artikler om saken<\/a>.<\/li>\n<li><strong>VG\/E24<\/strong> kastet seg ogs\u00e5 tidlig p\u00e5 <a href=\"http:\/\/e24.no\/media\/wordfeud-har-gjort-haakon-28-til-millionaer\/20119002\" target=\"_blank\">WF-b\u00f8lgen<\/a>.<\/li>\n<li>Ogs\u00e5 <strong>Aftenbladet<\/strong> var tidlig ute, les artikkelen <a href=\"http:\/\/www.aftenbladet.no\/nytte\/teknologi\/Lykkelige-for-Wordfeud-farsott-2911098.html\" target=\"_blank\">her<\/a>.<\/li>\n<li><strong>Aftenposten<\/strong> ga seg ikke. De skrev b\u00e5de om <a href=\"http:\/\/www.aftenposten.no\/digital\/nyheter\/--Usportslig-opptreden-a-jukse-i-Wordfeud-6733048.html#.TxS_J0qCMQV\" target=\"_blank\">det usportslige ved jukseprogrammer<\/a> og om at s\u00e5 vel Spr\u00e5kr\u00e5det som NSF var <a href=\"http:\/\/www.aftenposten.no\/digital\/nyheter\/Lykkelige-for-Wordfeud-farsott-6730473.html#.TxS_dkqCMQU\" target=\"_blank\">begeistret for den nye farsotten<\/a>.<\/li>\n<li><strong>NRK Kulturnytt<\/strong> fortalte om folk som var hekta, b\u00e5de p\u00e5 radio og p\u00e5 nett. Begge deler finnes <a href=\"http:\/\/www.nrk.no\/kultur-og-underholdning\/1.7923729\" target=\"_blank\">her<\/a>.<\/li>\n<li>Opptil flere medier kontaktet v\u00e5re medlemmer for \u00e5 f\u00e5 <strong>deres beste WordFeud-triks<\/strong>. Blant dem var <a href=\"http:\/\/www.aftenposten.no\/kultur\/Slik-blir-du-best-i-Wordfeud-6739250.html#.TxS9skqCMQU\" target=\"_blank\">Aftenposten<\/a> og <a href=\"http:\/\/www.vg.no\/spill\/artikkel.php?artid=10075313\" target=\"_blank\">VG<\/a>.<\/li>\n<li><strong>VG<\/strong> intervjuet ogs\u00e5 Eskil \u00c5smul om <strong>WordFeud-turneringe<\/strong>n han st\u00e5r bak. Det var kanskje heldig for Eskil at de skrev brukernavnet hans feil, men antagelig var det ikke like moro for stakkaren som hadde det brukernavnet VG oppga. Les artikkelen <a href=\"http:\/\/www.vg.no\/spill\/artikkel.php?artid=10075305\" target=\"_blank\">her<\/a>.<\/li>\n<li><strong>NRK \u00d8stlandssendingen<\/strong> laget s\u00e5 vel TV-innslag som <a href=\"http:\/\/www.nrk.no\/nyheter\/distrikt\/ostlandssendingen\/1.7950355\" target=\"_blank\">artikkel<\/a> om WordFeud-farsotten.<\/li>\n<li><strong>TV2<\/strong> inviterte et av v\u00e5re medlemmer til <em>God morgen Norge<\/em>, og intervjuet ogs\u00e5 NSF president om <a href=\"http:\/\/www.tv2.no\/gmn\/her-er-vaare-beste-triks-til-seier-i-wordfeud-3681548.html\" target=\"_blank\">hennes beste WordFeud-triks<\/a>.<\/li>\n<li><strong>\u00d8stlendingen<\/strong> oppdaget av selveste Scrabblepresidenten var fra deres kanter, og hev seg p\u00e5 med <a href=\"http:\/\/www.ostlendingen.no\/nyheter\/scrabble-utsolgt-etter-wordfeud-hype-1.6722902\" target=\"_blank\">denne artikkelen<\/a>.<\/li>\n<\/ul>\n<p><strong>Bergensavisens<\/strong> rapport fra Bergen Spillfestival august 2011 kan leses <a href=\"http:\/\/www.ba.no\/puls\/article5692871.ece\" target=\"_blank\">her<\/a>.<\/p>\n<p><strong>Romerikes blad<\/strong> skrev en artikkel om den f\u00f8rste norgesmesteren i Scrabble, og den kan leses <a href=\"http:\/\/www.rb.no\/lokale_nyheter\/article5321247.ece\" target=\"_blank\">her<\/a>.<\/p>\n<p><strong>Wikipedias<\/strong> artikkel om NSF finner du <a href=\"http:\/\/no.wikipedia.org\/wiki\/Norsk_Scrabbleforbund\" target=\"_blank\">her<\/a>.<\/p>\n<p><strong>Facebook<\/strong>-gruppen v\u00e5r finner du <a href=\"http:\/\/www.facebook.com\/home.php?ref=home#%21\/group.php?gid=123388391040242\" target=\"_blank\">her<\/a>.<\/p>\n","protected":false},"excerpt":{"rendered":"<p>Her finner du lenker til avisartikler og annet der Norsk scrabbleforbund figurerer. Du kan h\u00f8re Radio Novas innslag om NSF her. Aftenpostens artikkel om Norges deltager under VM i Scrabble 2011 finnes her. Etter at mobil- og nettbrettappen WordFeud virkelig &hellip; <a href=\"http:\/\/www2.scrabbleforbundet.no\/?page_id=556\">Les videre <span class=\"meta-nav\">&rarr;<\/span><\/a><\/p>\n","protected":false},"author":3,"featured_media":0,"parent":6,"menu_order":8,"comment_status":"open","ping_status":"open","template":"","meta":{"_bbp_topic_count":0,"_bbp_reply_count":0,"_bbp_total_topic_count":0,"_bbp_total_reply_count":0,"_bbp_voice_count":0,"_bbp_anonymous_reply_count":0,"_bbp_topic_count_hidden":0,"_bbp_reply_count_hidden":0,"_bbp_forum_subforum_count":0,"footnotes":""},"class_list":["post-556","page","type-page","status-publish","hentry"],"_links":{"self":[{"href":"http:\/\/www2.scrabbleforbundet.no\/index.php?rest_route=\/wp\/v2\/pages\/556","targetHints":{"allow":["GET"]}}],"collection":[{"href":"http:\/\/www2.scrabbleforbundet.no\/index.php?rest_route=\/wp\/v2\/pages"}],"about":[{"href":"http:\/\/www2.scrabbleforbundet.no\/index.php?rest_route=\/wp\/v2\/types\/page"}],"author":[{"embeddable":true,"href":"http:\/\/www2.scrabbleforbundet.no\/index.php?rest_route=\/wp\/v2\/users\/3"}],"replies":[{"embeddable":true,"href":"http:\/\/www2.scrabbleforbundet.no\/index.php?rest_route=%2Fwp%2Fv2%2Fcomments&post=556"}],"version-history":[{"count":14,"href":"http:\/\/www2.scrabbleforbundet.no\/index.php?rest_route=\/wp\/v2\/pages\/556\/revisions"}],"predecessor-version":[{"id":665,"href":"http:\/\/www2.scrabbleforbundet.no\/index.php?rest_route=\/wp\/v2\/pages\/556\/revisions\/665"}],"up":[{"embeddable":true,"href":"http:\/\/www2.scrabbleforbundet.no\/index.php?rest_route=\/wp\/v2\/pages\/6"}],"wp:attachment":[{"href":"http:\/\/www2.scrabbleforbundet.no\/index.php?rest_route=%2Fwp%2Fv2%2Fmedia&parent=556"}],"curies":[{"name":"wp","href":"https:\/\/api.w.org\/{rel}","templated":true}]}}