{"id":7,"date":"2011-02-19T19:12:52","date_gmt":"2011-02-19T18:12:52","guid":{"rendered":"http:\/\/scrabble.hexproblems.com\/?page_id=5"},"modified":"2011-03-28T17:52:05","modified_gmt":"2011-03-28T16:52:05","slug":"turneringer","status":"publish","type":"page","link":"http:\/\/www2.scrabbleforbundet.no\/?page_id=7","title":{"rendered":"Turneringer"},"content":{"rendered":"<div>\n<p>Hovedoppgaven til Norsk scrabbleforbund blir \u00e5 arrangere  turneringer. \u00c5 spille Scrabble i en turnering er nok litt annerledes enn  \u00e5 spille hjemme eller p\u00e5 nettet.<\/p>\n<p>Det spilles bare partier med to deltagere. Begge spillerne har en tilm\u00e5lt tid, vanligvis 30 minutter hver, og  hver gang man har gjort et trekk, er det viktig \u00e5 huske \u00e5 stoppe sin  egen klokke og sette motstanderens i gang. Begge spillerne har ansvaret  for \u00e5 f\u00f8re regnskap over poengene. Det er ikke tillatt \u00e5 bruke  oppslagsverk f\u00f8r man legger et trekk. Hvis en spiller mistenker at  motspilleren har lagt et ord som ikke st\u00e5r i ordboka, kan han velge \u00e5 <em>utfordre<\/em> trekket. Da stopper man klokka, og leverer en protest til dommeren, som avgj\u00f8r om ordet er  tillatt. Dersom ordet <em>ikke<\/em> er tillatt, m\u00e5 spilleren som la det, ta tilbake  brikkene sine og\u00a0 mister turen sin. Dersom ordet <em>er<\/em> tillatt, f\u00e5r spilleren som protesterte 10 minuspoeng.<\/p>\n<p>Den offisielle ordboka under turneringer er <em>Tanums store  rettskrivningsordbok<\/em>, 9. utgave. Den inneholder rundt 300\u00a0000 ord,  inklusive en stor mengde sammensatte ord. Alle ordene som st\u00e5r der kan  legges, bortsett fra egennavn, symboler og forkortelser. I tillegg  godkjennes alle b\u00f8yningsformer som er i vanlig bruk i moderne norsk, med unntak av genitivsformer. Du kan lese mer om dette under &laquo;Regler&raquo;.<\/p>\n<p>Forel\u00f8pig er det bare planlagt bokm\u00e5lsturneringer, men dersom det er  interesse for det, og vi finner en passende ordbok, kan det bli aktuelt  med turneringer p\u00e5 nynorsk ogs\u00e5. Interesserte bes gi beskjed til styret.<\/p>\n<\/div>\n","protected":false},"excerpt":{"rendered":"<p>Hovedoppgaven til Norsk scrabbleforbund blir \u00e5 arrangere turneringer. \u00c5 spille Scrabble i en turnering er nok litt annerledes enn \u00e5 spille hjemme eller p\u00e5 nettet. Det spilles bare partier med to deltagere. Begge spillerne har en tilm\u00e5lt tid, vanligvis 30 &hellip; <a href=\"http:\/\/www2.scrabbleforbundet.no\/?page_id=7\">Les videre <span class=\"meta-nav\">&rarr;<\/span><\/a><\/p>\n","protected":false},"author":2,"featured_media":0,"parent":0,"menu_order":0,"comment_status":"open","ping_status":"open","template":"","meta":{"_bbp_topic_count":0,"_bbp_reply_count":0,"_bbp_total_topic_count":0,"_bbp_total_reply_count":0,"_bbp_voice_count":0,"_bbp_anonymous_reply_count":0,"_bbp_topic_count_hidden":0,"_bbp_reply_count_hidden":0,"_bbp_forum_subforum_count":0,"footnotes":""},"class_list":["post-7","page","type-page","status-publish","hentry"],"_links":{"self":[{"href":"http:\/\/www2.scrabbleforbundet.no\/index.php?rest_route=\/wp\/v2\/pages\/7","targetHints":{"allow":["GET"]}}],"collection":[{"href":"http:\/\/www2.scrabbleforbundet.no\/index.php?rest_route=\/wp\/v2\/pages"}],"about":[{"href":"http:\/\/www2.scrabbleforbundet.no\/index.php?rest_route=\/wp\/v2\/types\/page"}],"author":[{"embeddable":true,"href":"http:\/\/www2.scrabbleforbundet.no\/index.php?rest_route=\/wp\/v2\/users\/2"}],"replies":[{"embeddable":true,"href":"http:\/\/www2.scrabbleforbundet.no\/index.php?rest_route=%2Fwp%2Fv2%2Fcomments&post=7"}],"version-history":[{"count":3,"href":"http:\/\/www2.scrabbleforbundet.no\/index.php?rest_route=\/wp\/v2\/pages\/7\/revisions"}],"predecessor-version":[{"id":365,"href":"http:\/\/www2.scrabbleforbundet.no\/index.php?rest_route=\/wp\/v2\/pages\/7\/revisions\/365"}],"wp:attachment":[{"href":"http:\/\/www2.scrabbleforbundet.no\/index.php?rest_route=%2Fwp%2Fv2%2Fmedia&parent=7"}],"curies":[{"name":"wp","href":"https:\/\/api.w.org\/{rel}","templated":true}]}}