{"id":74,"date":"2011-02-19T19:45:00","date_gmt":"2011-02-19T18:45:00","guid":{"rendered":"http:\/\/scrabble.hexproblems.com\/?page_id=74"},"modified":"2015-08-22T10:34:01","modified_gmt":"2015-08-22T09:34:01","slug":"hva-er-scrabble","status":"publish","type":"page","link":"http:\/\/www2.scrabbleforbundet.no\/?page_id=74","title":{"rendered":"Hva er Scrabble?"},"content":{"rendered":"<p>Scrabble er et brettspill som g\u00e5r ut p\u00e5 at man bygger ord omtrent som i et kryssord. Dette gj\u00f8res ved \u00e5 legge bokstavbrikker ut p\u00e5 brettet. De ulike bokstavene har forskjellige poengverdier, og i tillegg finnes det egne bonusfelter p\u00e5 brettet som \u00f8ker poengsummen ved at bokstavene eller ordene som legges p\u00e5 disse f\u00e5r dobbel eller trippel verdi.<\/p>\n<p>Scrabble spilles av inntil fire spillere som hver har sju brikker. I turneringer spilles imidlertid hvert parti av to spillere. I tillegg spilles det p\u00e5 tid og etter et fastsatt spr\u00e5kreglement, mens mange som spiller Scrabble i hytter og hjem opererer med individuelle regler for hvilke ord det er lov \u00e5 legge.<\/p>\n<p>Scrabble er et spill for alle som er glad i ord og strategisk tenkning, det er morsomt og l\u00e6rerikt og passer for alle aldersgrupper.<\/p>\n","protected":false},"excerpt":{"rendered":"<p>Scrabble er et brettspill som g\u00e5r ut p\u00e5 at man bygger ord omtrent som i et kryssord. Dette gj\u00f8res ved \u00e5 legge bokstavbrikker ut p\u00e5 brettet. De ulike bokstavene har forskjellige poengverdier, og i tillegg finnes det egne bonusfelter p\u00e5 &hellip; <a href=\"http:\/\/www2.scrabbleforbundet.no\/?page_id=74\">Les videre <span class=\"meta-nav\">&rarr;<\/span><\/a><\/p>\n","protected":false},"author":3,"featured_media":0,"parent":6,"menu_order":0,"comment_status":"open","ping_status":"closed","template":"","meta":{"_bbp_topic_count":0,"_bbp_reply_count":0,"_bbp_total_topic_count":0,"_bbp_total_reply_count":0,"_bbp_voice_count":0,"_bbp_anonymous_reply_count":0,"_bbp_topic_count_hidden":0,"_bbp_reply_count_hidden":0,"_bbp_forum_subforum_count":0,"footnotes":""},"class_list":["post-74","page","type-page","status-publish","hentry"],"_links":{"self":[{"href":"http:\/\/www2.scrabbleforbundet.no\/index.php?rest_route=\/wp\/v2\/pages\/74","targetHints":{"allow":["GET"]}}],"collection":[{"href":"http:\/\/www2.scrabbleforbundet.no\/index.php?rest_route=\/wp\/v2\/pages"}],"about":[{"href":"http:\/\/www2.scrabbleforbundet.no\/index.php?rest_route=\/wp\/v2\/types\/page"}],"author":[{"embeddable":true,"href":"http:\/\/www2.scrabbleforbundet.no\/index.php?rest_route=\/wp\/v2\/users\/3"}],"replies":[{"embeddable":true,"href":"http:\/\/www2.scrabbleforbundet.no\/index.php?rest_route=%2Fwp%2Fv2%2Fcomments&post=74"}],"version-history":[{"count":1,"href":"http:\/\/www2.scrabbleforbundet.no\/index.php?rest_route=\/wp\/v2\/pages\/74\/revisions"}],"predecessor-version":[{"id":730,"href":"http:\/\/www2.scrabbleforbundet.no\/index.php?rest_route=\/wp\/v2\/pages\/74\/revisions\/730"}],"up":[{"embeddable":true,"href":"http:\/\/www2.scrabbleforbundet.no\/index.php?rest_route=\/wp\/v2\/pages\/6"}],"wp:attachment":[{"href":"http:\/\/www2.scrabbleforbundet.no\/index.php?rest_route=%2Fwp%2Fv2%2Fmedia&parent=74"}],"curies":[{"name":"wp","href":"https:\/\/api.w.org\/{rel}","templated":true}]}}