{"id":102,"date":"2011-02-19T20:06:44","date_gmt":"2011-02-19T19:06:44","guid":{"rendered":"http:\/\/scrabble.hexproblems.com\/?page_id=102"},"modified":"2016-09-21T12:23:28","modified_gmt":"2016-09-21T11:23:28","slug":"forskjeller-fra-ordspill","status":"publish","type":"page","link":"https:\/\/www2.scrabbleforbundet.no\/?page_id=102","title":{"rendered":"Hva skiller Scrabble-reglene fra reglene Wordfeud og Ordspill?"},"content":{"rendered":"<p>Mange spillere er vant til \u00e5 spille Scrabble p\u00e5 <a href=\"http:\/\/www.ordspill.no\" target=\"_blank\">Ordspill<\/a> og <a href=\"http:\/\/wordfeud.com\/\" target=\"_blank\">Wordfeud<\/a>. Fra og med 20. juli 2012 er det <a href=\"www.scrabbleforbundet.no\/?page_id=1488\">NSF-ordlisten<\/a> som benyttes begge steder.<\/p>\n<p>I NSFs turneringer benyttes b\u00e5de <strong>NSF-ordlisten<\/strong> og 9. utgave av <strong>Tanums store rettskrivningsordbok<\/strong>. Den viktigste grunnen til dette er at Tanums er den mest rikholdige bokm\u00e5lsordboken som finnes i dag. Den inneholder 300 000 ord, og sv\u00e6rt mange av disse er enn\u00e5 ikke \u00e5 finne i NSF-ordlisten per dags dato.<\/p>\n<p>Dette f\u00f8rer til at det blir en del forskjeller mellom Scrabble og Ordspill\/Wordfeud. Den st\u00f8rste forskjellen er at man kan legge langt flere ord i en NSF-turnering enn man kan i Ordspill\/Wordfeud, men den forskjellen som kanskje virker mest uvant for en som er vant til \u00e5 spille p\u00e5 smarttelefon, nettbrett eller PC, er at ordene ikke automatisk godkjennes eller avvises av en datamaskin. I stedet er det opp til spillerne selv \u00e5 vurdere om de vil godta ordet motspiller legger, eller om de vil protestere og f\u00e5 en dommer til \u00e5 vurdere saken.<\/p>\n<p>B\u00f8yningene i fullformsordlisten til Norsk ordbank, som NSF-ordlisten bygger videre p\u00e5, var datagenerert, uten hensyn til om b\u00f8yningsformene er meningsfulle eller ville blitt brukt av en norsk morsm\u00e5lsbruker. Vi er i gang med \u00e5 rydde opp i dette, men inntil det arbeidet er fullf\u00f8rt, inneb\u00e6rer at en del av b\u00f8yningsformene som fortsatt st\u00e5r i NSF-ordlisten, ikke godkjennes i henhold til v\u00e5rt reglement. B\u00f8yningsformer som godkjennes, begrenser seg ikke til de som er oppf\u00f8rt i Tanums, men reglene er likevel mindre liberale enn for b\u00f8yningene i NSF-ordlisten.<\/p>\n<p>Vi tillater ogs\u00e5 v\u00e5re dommere \u00e5 benytte skj\u00f8nn. Dette er f\u00f8rst og fremst aktuelt for substantiver, og da gjerne sammensatte ord som neppe vil bli brukt i flertall. For eksempel kan ordet TID ha flertallsformen TIDER, og ordet V\u00c6SKE kan ha flertallsformen V\u00c6SKENE. Dette betyr likevel ikke at sammensatte ord med disse to ordene som sisteledd automatisk vil bli godkjent med flertallsformer. B\u00f8yninger som \u00c5TTETIDER og \u00d8REV\u00c6SKENE vil dermed bli underkjent dersom dommeren ikke finner belegg for at disse formene er i bruk.<\/p>\n<p>Fra og med september 2016 er NSF-ordlisten autoritativ for ord til og med fem bokstaver. Et ord som ikke st\u00e5r der, vil ikke bli godkjent i turneringer. Lister over alle godkjente ord p\u00e5 to\u2013fem bokstaver finner du\u00a0 under <strong>Ordlister<\/strong> her p\u00e5 sidene v\u00e5re.<\/p>\n<p><strong>B\u00f8yningsformer<\/strong><\/p>\n<p>V\u00e5rt reglement er noe mer konservativt enn mange er vant til fra Wordfeud og Ordspill, med det m\u00e5l at bare de b\u00f8yningene som faktisk brukes og som er korrekte if\u00f8lge rettskrivningsnormen for bokm\u00e5l, skal godkjennes.<\/p>\n<p>For \u00e5 f\u00e5 fullstendig oversikt, b\u00f8r man lese selve reglementet, men de viktigste forskjellene er som f\u00f8lger:<\/p>\n<p>* Ikke alle substantiver kan settes i flertall. For eksempel godkjennes ikke <em>kj\u00f8ttene<\/em> eller <em>beskjedenheter<\/em>.<br \/>\n* Ing-former av verb kan bare b\u00f8yes i entall og ikke i flertall. For eksempel godkjennes\u00a0 <em>tutinga<\/em> og <em>tutingen<\/em>, men ikke <em>tutinger<\/em> eller <em>tutingene<\/em>.<br \/>\n* Det er ikke slik at alle verb hvor perfektum (for eksempel<em> har kastet<\/em>) slutter p\u00e5 -et automatisk kan ha ede- og ete-endelser. Disse endelsene er stort sett bare tillatt i de tilfellene hvor de gir fornuftige ord som kan brukes i en setning. Det vil si at <em>kastede<\/em> og <em>sovnede<\/em> er tillatt, mens <em>hoppede<\/em> og <em>smiskede<\/em> ikke er det. (De n\u00f8yaktige reglene er noe mer komplisert enn dette, og man b\u00f8r lese spr\u00e5kreglementet hvis man \u00f8nsker \u00e5 sette seg inn i dem.)<br \/>\n* Ikke alle ord kan f\u00e5 passiv-s. De n\u00f8yaktige reglene er ogs\u00e5 her noks\u00e5 kompliserte, men de er utformet med det m\u00e5l for \u00f8yet at s-formene skal godkjennes n\u00e5r de danner fornuftige ord. Eksempler p\u00e5 passiv-former som ikke godkjennes er <em>sildres<\/em> og <em>grys<\/em>, mens <em>kastes<\/em> og <em>hoppes<\/em> er tillatt.<\/p>\n<p>Som p\u00e5 Ordspill og i Wordfeud, godkjennes ikke genitivsformer, med unntak av stivnede genitivsformer i uttrykk som \u00abtil sj\u00f8s\u00bb og \u00abtil alters\u00bb, dersom disse st\u00e5r i NSF-ordlisten eller i Tanums.<\/p>\n","protected":false},"excerpt":{"rendered":"<p>Mange spillere er vant til \u00e5 spille Scrabble p\u00e5 Ordspill og Wordfeud. Fra og med 20. juli 2012 er det NSF-ordlisten som benyttes begge steder. I NSFs turneringer benyttes b\u00e5de NSF-ordlisten og 9. utgave av Tanums store rettskrivningsordbok. Den viktigste &hellip; <a href=\"https:\/\/www2.scrabbleforbundet.no\/?page_id=102\">Les videre <span class=\"meta-nav\">&rarr;<\/span><\/a><\/p>\n","protected":false},"author":3,"featured_media":0,"parent":83,"menu_order":10,"comment_status":"open","ping_status":"open","template":"","meta":{"_bbp_topic_count":0,"_bbp_reply_count":0,"_bbp_total_topic_count":0,"_bbp_total_reply_count":0,"_bbp_voice_count":0,"_bbp_anonymous_reply_count":0,"_bbp_topic_count_hidden":0,"_bbp_reply_count_hidden":0,"_bbp_forum_subforum_count":0,"footnotes":""},"class_list":["post-102","page","type-page","status-publish","hentry"],"_links":{"self":[{"href":"https:\/\/www2.scrabbleforbundet.no\/index.php?rest_route=\/wp\/v2\/pages\/102","targetHints":{"allow":["GET"]}}],"collection":[{"href":"https:\/\/www2.scrabbleforbundet.no\/index.php?rest_route=\/wp\/v2\/pages"}],"about":[{"href":"https:\/\/www2.scrabbleforbundet.no\/index.php?rest_route=\/wp\/v2\/types\/page"}],"author":[{"embeddable":true,"href":"https:\/\/www2.scrabbleforbundet.no\/index.php?rest_route=\/wp\/v2\/users\/3"}],"replies":[{"embeddable":true,"href":"https:\/\/www2.scrabbleforbundet.no\/index.php?rest_route=%2Fwp%2Fv2%2Fcomments&post=102"}],"version-history":[{"count":28,"href":"https:\/\/www2.scrabbleforbundet.no\/index.php?rest_route=\/wp\/v2\/pages\/102\/revisions"}],"predecessor-version":[{"id":3945,"href":"https:\/\/www2.scrabbleforbundet.no\/index.php?rest_route=\/wp\/v2\/pages\/102\/revisions\/3945"}],"up":[{"embeddable":true,"href":"https:\/\/www2.scrabbleforbundet.no\/index.php?rest_route=\/wp\/v2\/pages\/83"}],"wp:attachment":[{"href":"https:\/\/www2.scrabbleforbundet.no\/index.php?rest_route=%2Fwp%2Fv2%2Fmedia&parent=102"}],"curies":[{"name":"wp","href":"https:\/\/api.w.org\/{rel}","templated":true}]}}