{"id":129,"date":"2011-02-19T22:43:12","date_gmt":"2011-02-19T21:43:12","guid":{"rendered":"http:\/\/scrabble.hexproblems.com\/?page_id=129"},"modified":"2025-03-19T11:09:36","modified_gmt":"2025-03-19T10:09:36","slug":"sprakkomiteen","status":"publish","type":"page","link":"https:\/\/www2.scrabbleforbundet.no\/?page_id=129","title":{"rendered":"Spr\u00e5kkomiteen"},"content":{"rendered":"<p>Spr\u00e5kkomiteen har utarbeidet Scrabbleforbundets spr\u00e5kreglement og vedlikeholder ordlista, og arrangerer i tillegg forbundets dommerkurs. Komiteen best\u00e5r av Taral Guldahl Seierstad, Kirsti N\u00e6ss, Kirsti Vogt og Jon Aam Svendsen.<\/p>\n\n\n<p class=\"has-text-color has-cyan-bluish-gray-color\">I tillegg til Spr\u00e5kkomiteen er f\u00f8lgende medlemmer av Scrabbleforbundet godkjent som dommere:<\/p>\n\n\n\n<p class=\"has-text-color has-cyan-bluish-gray-color\">Anita Munoz<br>Anlaug Frydenlund<br>Anna Cecilie Haug<br>Ann-Mari R\u00f8ng<br>Eva Marie Wathne<br>Ivar Areklett<br>Ruth Larsen<br>Thomas Kjetland<br>Torill Johansen<br>Vibeke Stang Ling\u00e5s<br>Signe Heggset<\/p>\n","protected":false},"excerpt":{"rendered":"<p>Spr\u00e5kkomiteen har utarbeidet Scrabbleforbundets spr\u00e5kreglement og vedlikeholder ordlista, og arrangerer i tillegg forbundets dommerkurs. Komiteen best\u00e5r av Taral Guldahl Seierstad, Kirsti N\u00e6ss, Kirsti Vogt og Jon Aam Svendsen. I tillegg til Spr\u00e5kkomiteen er f\u00f8lgende medlemmer av Scrabbleforbundet godkjent som dommere: &hellip; <a href=\"https:\/\/www2.scrabbleforbundet.no\/?page_id=129\">Les videre <span class=\"meta-nav\">&rarr;<\/span><\/a><\/p>\n","protected":false},"author":3,"featured_media":0,"parent":14,"menu_order":0,"comment_status":"open","ping_status":"open","template":"","meta":{"_bbp_topic_count":0,"_bbp_reply_count":0,"_bbp_total_topic_count":0,"_bbp_total_reply_count":0,"_bbp_voice_count":0,"_bbp_anonymous_reply_count":0,"_bbp_topic_count_hidden":0,"_bbp_reply_count_hidden":0,"_bbp_forum_subforum_count":0,"footnotes":""},"class_list":["post-129","page","type-page","status-publish","hentry"],"_links":{"self":[{"href":"https:\/\/www2.scrabbleforbundet.no\/index.php?rest_route=\/wp\/v2\/pages\/129","targetHints":{"allow":["GET"]}}],"collection":[{"href":"https:\/\/www2.scrabbleforbundet.no\/index.php?rest_route=\/wp\/v2\/pages"}],"about":[{"href":"https:\/\/www2.scrabbleforbundet.no\/index.php?rest_route=\/wp\/v2\/types\/page"}],"author":[{"embeddable":true,"href":"https:\/\/www2.scrabbleforbundet.no\/index.php?rest_route=\/wp\/v2\/users\/3"}],"replies":[{"embeddable":true,"href":"https:\/\/www2.scrabbleforbundet.no\/index.php?rest_route=%2Fwp%2Fv2%2Fcomments&post=129"}],"version-history":[{"count":4,"href":"https:\/\/www2.scrabbleforbundet.no\/index.php?rest_route=\/wp\/v2\/pages\/129\/revisions"}],"predecessor-version":[{"id":5062,"href":"https:\/\/www2.scrabbleforbundet.no\/index.php?rest_route=\/wp\/v2\/pages\/129\/revisions\/5062"}],"up":[{"embeddable":true,"href":"https:\/\/www2.scrabbleforbundet.no\/index.php?rest_route=\/wp\/v2\/pages\/14"}],"wp:attachment":[{"href":"https:\/\/www2.scrabbleforbundet.no\/index.php?rest_route=%2Fwp%2Fv2%2Fmedia&parent=129"}],"curies":[{"name":"wp","href":"https:\/\/api.w.org\/{rel}","templated":true}]}}