{"id":14,"date":"2011-02-19T19:22:39","date_gmt":"2011-02-19T18:22:39","guid":{"rendered":"http:\/\/scrabble.hexproblems.com\/?page_id=14"},"modified":"2025-03-18T23:58:16","modified_gmt":"2025-03-18T22:58:16","slug":"styret","status":"publish","type":"page","link":"https:\/\/www2.scrabbleforbundet.no\/?page_id=14","title":{"rendered":"Styret"},"content":{"rendered":"<p>Styret best\u00e5r av f\u00f8lgende personer:<\/p>\n<p>President: Ole Martin Halck (ogs\u00e5 teknisk\/digitalt ansvarlig)<\/p>\n<p>\u00d8vrige styremedlemmer:<\/p>\n<p>Torill Johansen (visepresident, regionskontakt Oslo\/\u00d8stlandet)<br \/>\nHanne Cecilie Hagen (kasserer, regionskontakt Midt- og Nord-Norge)<br \/>\nRuth Larsen (regionskontakt Vestland)<br \/>\nKristian Thulin (regionskontakt Rogaland)<br \/>\nOle Christian Andersen (regionskontakt S\u00f8rlandet)<\/p>\n<p>Varamedlem:<br \/>\nKarin Hvenekilde<\/p>\n","protected":false},"excerpt":{"rendered":"<p>Styret best\u00e5r av f\u00f8lgende personer: President: Ole Martin Halck (ogs\u00e5 teknisk\/digitalt ansvarlig) \u00d8vrige styremedlemmer: Torill Johansen (visepresident, regionskontakt Oslo\/\u00d8stlandet) Hanne Cecilie Hagen (kasserer, regionskontakt Midt- og Nord-Norge) Ruth Larsen (regionskontakt Vestland) Kristian Thulin (regionskontakt Rogaland) Ole Christian Andersen (regionskontakt S\u00f8rlandet) &hellip; <a href=\"https:\/\/www2.scrabbleforbundet.no\/?page_id=14\">Les videre <span class=\"meta-nav\">&rarr;<\/span><\/a><\/p>\n","protected":false},"author":1632,"featured_media":0,"parent":6,"menu_order":2,"comment_status":"closed","ping_status":"closed","template":"","meta":{"_bbp_topic_count":0,"_bbp_reply_count":0,"_bbp_total_topic_count":0,"_bbp_total_reply_count":0,"_bbp_voice_count":0,"_bbp_anonymous_reply_count":0,"_bbp_topic_count_hidden":0,"_bbp_reply_count_hidden":0,"_bbp_forum_subforum_count":0,"footnotes":""},"class_list":["post-14","page","type-page","status-publish","hentry"],"_links":{"self":[{"href":"https:\/\/www2.scrabbleforbundet.no\/index.php?rest_route=\/wp\/v2\/pages\/14","targetHints":{"allow":["GET"]}}],"collection":[{"href":"https:\/\/www2.scrabbleforbundet.no\/index.php?rest_route=\/wp\/v2\/pages"}],"about":[{"href":"https:\/\/www2.scrabbleforbundet.no\/index.php?rest_route=\/wp\/v2\/types\/page"}],"author":[{"embeddable":true,"href":"https:\/\/www2.scrabbleforbundet.no\/index.php?rest_route=\/wp\/v2\/users\/1632"}],"replies":[{"embeddable":true,"href":"https:\/\/www2.scrabbleforbundet.no\/index.php?rest_route=%2Fwp%2Fv2%2Fcomments&post=14"}],"version-history":[{"count":20,"href":"https:\/\/www2.scrabbleforbundet.no\/index.php?rest_route=\/wp\/v2\/pages\/14\/revisions"}],"predecessor-version":[{"id":5063,"href":"https:\/\/www2.scrabbleforbundet.no\/index.php?rest_route=\/wp\/v2\/pages\/14\/revisions\/5063"}],"up":[{"embeddable":true,"href":"https:\/\/www2.scrabbleforbundet.no\/index.php?rest_route=\/wp\/v2\/pages\/6"}],"wp:attachment":[{"href":"https:\/\/www2.scrabbleforbundet.no\/index.php?rest_route=%2Fwp%2Fv2%2Fmedia&parent=14"}],"curies":[{"name":"wp","href":"https:\/\/api.w.org\/{rel}","templated":true}]}}