{"id":1847,"date":"2012-10-02T22:55:15","date_gmt":"2012-10-02T21:55:15","guid":{"rendered":"http:\/\/www2.scrabbleforbundet.no\/?page_id=1847"},"modified":"2013-02-13T01:15:03","modified_gmt":"2013-02-13T00:15:03","slug":"english-tournament-october-18th","status":"publish","type":"page","link":"https:\/\/www2.scrabbleforbundet.no\/?page_id=1847","title":{"rendered":"English tournament October 2012"},"content":{"rendered":"<p>On October 18th there will be a 4 game tournament at <a href=\"http:\/\/www.kristianiabar.no\/\">Kristiania Restaurant<\/a> in Oslo. Registration will start at 13.00 and the first round will start at 13.30 sharp. We will use the CSW12 word list, and each player will have 25 minutes per game. You are welcome to stay after the tournament is over and play casually and eat and drink.<\/p>\n<p>&nbsp;<\/p>\n<p>18. oktober arrangeres en firerunders turnering p\u00e5 <a href=\"http:\/\/www.kristianiabar.no\/\">Kristiania<\/a> i Oslo. Registeringen starter kl. 13.00, og f\u00f8rste runde starter kl. 13.30. Det er ordlisten CSW12 som brukes, og spillerne har 25 minutter hver per runde. Etter turneringen er det anledning til \u00e5 bli igjen, spille litt til og spise og drikke det man m\u00e5tte \u00f8nske.<\/p>\n","protected":false},"excerpt":{"rendered":"<p>On October 18th there will be a 4 game tournament at Kristiania Restaurant in Oslo. Registration will start at 13.00 and the first round will start at 13.30 sharp. We will use the CSW12 word list, and each player will &hellip; <a href=\"https:\/\/www2.scrabbleforbundet.no\/?page_id=1847\">Les videre <span class=\"meta-nav\">&rarr;<\/span><\/a><\/p>\n","protected":false},"author":3,"featured_media":0,"parent":1235,"menu_order":16,"comment_status":"open","ping_status":"closed","template":"","meta":{"_bbp_topic_count":0,"_bbp_reply_count":0,"_bbp_total_topic_count":0,"_bbp_total_reply_count":0,"_bbp_voice_count":0,"_bbp_anonymous_reply_count":0,"_bbp_topic_count_hidden":0,"_bbp_reply_count_hidden":0,"_bbp_forum_subforum_count":0,"footnotes":""},"class_list":["post-1847","page","type-page","status-publish","hentry"],"_links":{"self":[{"href":"https:\/\/www2.scrabbleforbundet.no\/index.php?rest_route=\/wp\/v2\/pages\/1847","targetHints":{"allow":["GET"]}}],"collection":[{"href":"https:\/\/www2.scrabbleforbundet.no\/index.php?rest_route=\/wp\/v2\/pages"}],"about":[{"href":"https:\/\/www2.scrabbleforbundet.no\/index.php?rest_route=\/wp\/v2\/types\/page"}],"author":[{"embeddable":true,"href":"https:\/\/www2.scrabbleforbundet.no\/index.php?rest_route=\/wp\/v2\/users\/3"}],"replies":[{"embeddable":true,"href":"https:\/\/www2.scrabbleforbundet.no\/index.php?rest_route=%2Fwp%2Fv2%2Fcomments&post=1847"}],"version-history":[{"count":3,"href":"https:\/\/www2.scrabbleforbundet.no\/index.php?rest_route=\/wp\/v2\/pages\/1847\/revisions"}],"predecessor-version":[{"id":2408,"href":"https:\/\/www2.scrabbleforbundet.no\/index.php?rest_route=\/wp\/v2\/pages\/1847\/revisions\/2408"}],"up":[{"embeddable":true,"href":"https:\/\/www2.scrabbleforbundet.no\/index.php?rest_route=\/wp\/v2\/pages\/1235"}],"wp:attachment":[{"href":"https:\/\/www2.scrabbleforbundet.no\/index.php?rest_route=%2Fwp%2Fv2%2Fmedia&parent=1847"}],"curies":[{"name":"wp","href":"https:\/\/api.w.org\/{rel}","templated":true}]}}