{"id":3083,"date":"2013-12-05T22:47:57","date_gmt":"2013-12-05T21:47:57","guid":{"rendered":"http:\/\/www2.scrabbleforbundet.no\/?page_id=3083"},"modified":"2014-10-03T11:10:44","modified_gmt":"2014-10-03T10:10:44","slug":"norgesmesterskapene-i-scrabble","status":"publish","type":"page","link":"https:\/\/www2.scrabbleforbundet.no\/?page_id=3083","title":{"rendered":"Norgesmesterskapene i Scrabble"},"content":{"rendered":"<p>NSF har arrangert offisielle norgesmesterskap i Scrabble siden 2010.<\/p>\n<p>Her presenterer vi pallen i hvert mesterskap \u2013 f\u00f8lg lenkene for \u00e5 f\u00e5 full resultatliste.<\/p>\n<p><a href=\"http:\/\/scrabbeller.appspot.com\/turnering?id=1\">NM i Scrabble 2010<\/a> gikk av stabelen 18.\u201319. september.<br \/>\nGull: <strong>Stian Toft<\/strong><br \/>\nS\u00f8lv: <strong>Anlaug Frydenlund<\/strong><br \/>\nBronse: <strong>Kent B\u00f8rre Mikalsen<\/strong><\/p>\n<p><a href=\"http:\/\/scrabbeller.appspot.com\/turnering?id=45\">NM i Scrabble 2011<\/a> gikk av stabelen 24.\u201325. september.<br \/>\nGull: <strong>Torill Johansen<\/strong><br \/>\nS\u00f8lv: <strong>Kirsti N\u00e6ss<\/strong><br \/>\nBronse: <strong>Erik Bj\u00f8rseth<br \/>\n<\/strong><\/p>\n<p><a href=\"http:\/\/scrabbeller.appspot.com\/turnering?id=nm2012\">NM i Scrabble 2012<\/a> gikk av stabelen 22.\u201323. september.<br \/>\nGull: <strong>Stian Toft<\/strong><br \/>\nS\u00f8lv: <strong>Eskil \u00c5smul<\/strong><br \/>\nBronse: <strong>Kent B\u00f8rre Mikalsen<\/strong><\/p>\n<p><a href=\"http:\/\/scrabbeller.appspot.com\/turnering?id=nm2013\">NM i Scrabble 2013<\/a> gikk av stabelen 19.\u201320. oktober.<br \/>\nGull: <strong>Stian Toft<\/strong><br \/>\nS\u00f8lv: <strong>Erik Bj\u00f8rseth<\/strong><br \/>\nBronse: <strong>Jon Aam Svendsen<\/strong><\/p>\n<p><a href=\"http:\/\/scrabbeller.appspot.com\/turnering?id=nm2014\">NM i Scrabble 2014<\/a> gikk av stabelen 20.\u201321. september.<br \/>\nGull: <strong>Stian Toft<\/strong><br \/>\nS\u00f8lv: <strong>Jon Aam Svendsen<\/strong><br \/>\nBronse: <strong>Tom Bovim<\/strong><\/p>\n<p><a href=\"http:\/\/www2.scrabbleforbundet.no\/wp-content\/uploads\/2013\/12\/20140921_1853451.jpg\"><img loading=\"lazy\" decoding=\"async\" src=\"http:\/\/www2.scrabbleforbundet.no\/wp-content\/uploads\/2013\/12\/20140921_1853451-1024x576.jpg\" alt=\"20140921_185345[1]\" width=\"640\" height=\"360\" class=\"alignleft size-large wp-image-3361\" srcset=\"https:\/\/www2.scrabbleforbundet.no\/wp-content\/uploads\/2013\/12\/20140921_1853451-1024x576.jpg 1024w, https:\/\/www2.scrabbleforbundet.no\/wp-content\/uploads\/2013\/12\/20140921_1853451-300x168.jpg 300w, https:\/\/www2.scrabbleforbundet.no\/wp-content\/uploads\/2013\/12\/20140921_1853451.jpg 1600w\" sizes=\"auto, (max-width: 640px) 100vw, 640px\" \/><\/a><\/p>\n<p><em>Fra venstre: Norgesmester i Scrabble 2014, Stian Toft, s\u00f8lvvinner Jon Aam Svendsen, bronsemedalj\u00f8r Tom Bovim, 4.-plass J\u00f8rgen Hagen, 5.-plass Erik Bj\u00f8rseth og 6.-plass Kirsti Vogt.\u00a0<\/em><\/p>\n","protected":false},"excerpt":{"rendered":"<p>NSF har arrangert offisielle norgesmesterskap i Scrabble siden 2010. Her presenterer vi pallen i hvert mesterskap \u2013 f\u00f8lg lenkene for \u00e5 f\u00e5 full resultatliste. NM i Scrabble 2010 gikk av stabelen 18.\u201319. september. Gull: Stian Toft S\u00f8lv: Anlaug Frydenlund Bronse: &hellip; <a href=\"https:\/\/www2.scrabbleforbundet.no\/?page_id=3083\">Les videre <span class=\"meta-nav\">&rarr;<\/span><\/a><\/p>\n","protected":false},"author":3,"featured_media":0,"parent":7,"menu_order":10,"comment_status":"open","ping_status":"open","template":"","meta":{"_bbp_topic_count":0,"_bbp_reply_count":0,"_bbp_total_topic_count":0,"_bbp_total_reply_count":0,"_bbp_voice_count":0,"_bbp_anonymous_reply_count":0,"_bbp_topic_count_hidden":0,"_bbp_reply_count_hidden":0,"_bbp_forum_subforum_count":0,"footnotes":""},"class_list":["post-3083","page","type-page","status-publish","hentry"],"_links":{"self":[{"href":"https:\/\/www2.scrabbleforbundet.no\/index.php?rest_route=\/wp\/v2\/pages\/3083","targetHints":{"allow":["GET"]}}],"collection":[{"href":"https:\/\/www2.scrabbleforbundet.no\/index.php?rest_route=\/wp\/v2\/pages"}],"about":[{"href":"https:\/\/www2.scrabbleforbundet.no\/index.php?rest_route=\/wp\/v2\/types\/page"}],"author":[{"embeddable":true,"href":"https:\/\/www2.scrabbleforbundet.no\/index.php?rest_route=\/wp\/v2\/users\/3"}],"replies":[{"embeddable":true,"href":"https:\/\/www2.scrabbleforbundet.no\/index.php?rest_route=%2Fwp%2Fv2%2Fcomments&post=3083"}],"version-history":[{"count":3,"href":"https:\/\/www2.scrabbleforbundet.no\/index.php?rest_route=\/wp\/v2\/pages\/3083\/revisions"}],"predecessor-version":[{"id":3362,"href":"https:\/\/www2.scrabbleforbundet.no\/index.php?rest_route=\/wp\/v2\/pages\/3083\/revisions\/3362"}],"up":[{"embeddable":true,"href":"https:\/\/www2.scrabbleforbundet.no\/index.php?rest_route=\/wp\/v2\/pages\/7"}],"wp:attachment":[{"href":"https:\/\/www2.scrabbleforbundet.no\/index.php?rest_route=%2Fwp%2Fv2%2Fmedia&parent=3083"}],"curies":[{"name":"wp","href":"https:\/\/api.w.org\/{rel}","templated":true}]}}