{"id":3475,"date":"2014-11-23T23:32:26","date_gmt":"2014-11-23T22:32:26","guid":{"rendered":"http:\/\/www2.scrabbleforbundet.no\/?page_id=3475"},"modified":"2014-11-23T23:32:26","modified_gmt":"2014-11-23T22:32:26","slug":"referat-fra-generalforsamlingen-2014","status":"publish","type":"page","link":"https:\/\/www2.scrabbleforbundet.no\/?page_id=3475","title":{"rendered":"Referat fra generalforsamlingen 2014"},"content":{"rendered":"<h1 dir=\"ltr\">Protokoll fra generalforsamlingen i Norsk Scrabbleforbund 1. november 2014<\/h1>\n<p dir=\"ltr\">Til stede: Anita Mu\u00f1oz, Jon Aam Svendsen, Ivar Areklett, Vibeke Stang Ling\u00e5s, Kirsti Vogt, Anlaug Frydenlund, Taral Guldahl Seierstad, Torill Johansen, Karin Hvenekilde, Eva Marie Wathne og Kenneth Kamp.<\/p>\n<h2 dir=\"ltr\">1. \u00a0Konstituering<\/h2>\n<p dir=\"ltr\">President Anita Mu\u00f1oz \u00f8nsket velkommen, og nominerte Ivar Areklett som dirigent. Dette ble enstemmig vedtatt. Innkalling og dagsorden ble godkjent, og det ble ikke fremlagt noen skriftlige fullmakter. Jon Aam Svendsen ble valgt til referent, Anlaug Frydenlund og Vibeke Stang Ling\u00e5s ble valgt til \u00e5 signere protokollen. Det ble ikke fremlagt noen forslag til saker som ikke var varslet p\u00e5 forh\u00e5nd.<\/p>\n<h2 dir=\"ltr\">2. Styrets \u00e5rsberetning<\/h2>\n<p dir=\"ltr\">Anita Mu\u00f1oz gjennomgikk \u00e5rsberetningen.<\/p>\n<p dir=\"ltr\">Styret har i perioden best\u00e5tt av:<\/p>\n<p dir=\"ltr\">Anita Mu\u00f1oz \u2013 president<\/p>\n<p dir=\"ltr\">Jon Aam Svendsen \u2013 visepresident<\/p>\n<p dir=\"ltr\">Vibeke Stang Ling\u00e5s \u2013 kasserer<\/p>\n<p dir=\"ltr\">Ivar Areklett \u2013 styremedlem<\/p>\n<p dir=\"ltr\">Anlaug Frydenlund \u2013 styremedlem<\/p>\n<p dir=\"ltr\">Ruth Larsen \u2013 styremedlem<\/p>\n<p dir=\"ltr\">Taral Guldahl Seierstad \u2013 styremedlem<\/p>\n<p>Det har v\u00e6rt avholdt fem styrem\u00f8ter i perioden, i tillegg til samtaler p\u00e5 e-post og Facebook.<\/p>\n<p dir=\"ltr\">Spr\u00e5kkomiteen har \u00a0best\u00e5tt av Kirsti N\u00e6ss, Toril Opsahl, Taral Guldahl Seierstad og Kirsti Vogt.<\/p>\n<p dir=\"ltr\">Valgkomiteen har best\u00e5tt av Kirsti Vogt, Ann-Mari R\u00f8ng og Kent B\u00f8rre Mikalsen.<\/p>\n<p dir=\"ltr\">Det har blitt gjort en omlegging for betaling av medlemskontingent. Tidligere gjaldt kontingenten et \u00e5r fra innbetaling. Dette gjorde kasserers arbeid uoversiktlig, og det ble besluttet at medlemskontingenten skulle f\u00f8lge kalender\u00e5ret. Kasserer har ogs\u00e5 ryddet opp i medlemsregisteret der det har ligget mange inaktive medlemmer som ikke har betalt kontingent de siste \u00e5rene.<\/p>\n<p dir=\"ltr\">Forbundets aktivitet opprettholdes i Oslo, Bergen og Trondheim, men s\u00e6rlig i Oslo har det v\u00e6rt en viss nedgang i deltakertall og antall turneringer sammenlignet med forrige periode. Forsamlingen diskuterte raskt noen rekrutteringstiltak for \u00e5 motvirke denne utviklingen. Forbundets reisevirksomhet fortsetter, og det har blitt arrangert en rekke turneringer i utlandet i perioden. Det jobbes videre med utvikling av lokale avdelinger av forbundet i Troms\u00f8 og Stavanger.<\/p>\n<p dir=\"ltr\">Forbundets kursvirksomhet i perioden har gitt godkjenning til elleve nye spr\u00e5kdommere, og en h\u00e5ndfull turneringsledere. Spr\u00e5kkomiteen fortsetter arbeidet med NSF-ordlista, og det er h\u00e5p om \u00e5 kunne ta i bruk en iallefall delvis oppdatert ordliste i l\u00f8pet av 2015.<\/p>\n<p dir=\"ltr\">Norsk Scrabbleforbunds hederspris, Gullbrikken, har blitt delt ut for f\u00f8rste gang. Prisen gikk til Torill Johansen. Det har ogs\u00e5 blitt avholdt en logokonkurranse, der vinneren ble Kanutte N\u00e6ss. Den nye logoen er tatt i bruk p\u00e5 nettsiden, p\u00e5 Facebook, og p\u00e5 annet skriftlig materiell.<\/p>\n<p dir=\"ltr\">I tillegg til regnskapsf\u00f8rte inntekter har forbundet mottatt materiell og gaver fra Kunnskapsforlaget, Norstar, Snorre Sandlie, Kirsti Vogt, og andre medlemmer.<\/p>\n<p dir=\"ltr\">\u00c5rsmeldingen ble tatt til etterretning.<\/p>\n<h2 dir=\"ltr\">3. Regnskap og ansvarsfrihet for styret<\/h2>\n<p dir=\"ltr\">Vibeke Stang Ling\u00e5s fremla regnskapet. Forbundets \u00f8konomi er god, og det kan vises til et overskudd p\u00e5 kr 7.878,88 i perioden. Opprydning i medlemsregisteret og omlegging til felles forfallsdato har gitt mer p\u00e5litelig innkreving av kontingent, og det er n\u00e5 kun mindre praktiske avvik som f\u00f8rer til at noen innbetalinger mangler. Det er innf\u00f8rt en begrenset mulighet til \u00e5 f\u00e5 dekket reiseutgifter for styremedlemmer og turneringsledere i perioden, en mulighet som i ganske liten grad har blitt benyttet.<\/p>\n<p dir=\"ltr\">Forbundets innest\u00e5ende midler utgj\u00f8r kr 40.742,88, hvorav kr 15.000,\u2013 fortsatt er \u00f8remerket brikkekj\u00f8p. Da det stadig viser seg vanskelig \u00e5 skaffe til veie brikker som kan anvendes med forbundets utstyr, diskuteres det om det er \u00f8nskelig \u00e5 avtale med sponsor \u00e5 bruke disse midlene til andre anskaffelser.<\/p>\n<p dir=\"ltr\">Revisors beretning godkjenner regnskapet med mindre merknader knyttet til nummerering av bilag.<\/p>\n<p dir=\"ltr\">Ansvarsfrihet for styret ble vedtatt. Generalforsamlingen godkjente regnskapet enstemmig.<\/p>\n<h2 dir=\"ltr\">4. Valg<\/h2>\n<p dir=\"ltr\">President Anita Mu\u00f1oz og styremedlem Ruth Larsen \u00f8nsker ikke gjenvalg. Sittende styremedlemmer Ivar Areklett og Vibeke Stang Ling\u00e5s er ikke p\u00e5 valg.<\/p>\n<p dir=\"ltr\">Kirsti Vogt fremla valgkomiteens innstillinger:<\/p>\n<h3 dir=\"ltr\">President:<\/h3>\n<p dir=\"ltr\">Jon Aam Svendsen, ny president \u2013 velges for ett \u00e5r.<\/p>\n<p dir=\"ltr\">Valgkomiteens innstilling ble enstemmig vedtatt.<\/p>\n<h3 dir=\"ltr\">Styremedlemmer:<\/h3>\n<p dir=\"ltr\">Taral Guldahl Seierstad, sittende styremedlem \u2013 gjenvelges for to \u00e5r.<\/p>\n<p dir=\"ltr\">Anlaug Frydenlund, sittende styremedlem \u2013 gjenvelges for to \u00e5r.<\/p>\n<p dir=\"ltr\">Inger Karen Sem, nytt styremedlem \u2013 velges for to \u00e5r.<\/p>\n<p dir=\"ltr\">Eva Marie Wathne, nytt styremedlem \u2013 velges for to \u00e5r.<\/p>\n<p dir=\"ltr\">Valgkomiteens innstilling ble enstemmig vedtatt.<\/p>\n<h3 dir=\"ltr\">Revisor:<\/h3>\n<p dir=\"ltr\">Tom Bovim, revisor \u2013 gjenvelges for ett \u00e5r.<\/p>\n<p dir=\"ltr\">Valgkomiteens innstilling ble enstemmig vedtatt.<\/p>\n<h3 dir=\"ltr\">Valgkomit\u00e9:<\/h3>\n<p dir=\"ltr\">Ann-Mari R\u00f8ng, gjenvelges for ett \u00e5r.<\/p>\n<p dir=\"ltr\">Kent B\u00f8rre Mikalsen, gjenvelges for ett \u00e5r.<\/p>\n<p dir=\"ltr\">Kirsti Vogt, gjenvelges for ett \u00e5r.<\/p>\n<p dir=\"ltr\">Valgkomiteens innstilling ble enstemmig vedtatt.<\/p>\n<p dir=\"ltr\">Kirsti Vogt ble enstemmig valgt til \u00e5 bli sittende som valgkomiteens leder.<\/p>\n<p><a href=\"http:\/\/www2.scrabbleforbundet.no\/wp-content\/uploads\/2014\/11\/Protokoll-fra-generalforsamlingen-i-NSF-20141101.pdf\">Protokoll fra generalforsamlingen i NSF 20141101<\/a>\u00a0(PDF)<\/p>\n","protected":false},"excerpt":{"rendered":"<p>Protokoll fra generalforsamlingen i Norsk Scrabbleforbund 1. november 2014 Til stede: Anita Mu\u00f1oz, Jon Aam Svendsen, Ivar Areklett, Vibeke Stang Ling\u00e5s, Kirsti Vogt, Anlaug Frydenlund, Taral Guldahl Seierstad, Torill Johansen, Karin Hvenekilde, Eva Marie Wathne og Kenneth Kamp. 1. \u00a0Konstituering &hellip; <a href=\"https:\/\/www2.scrabbleforbundet.no\/?page_id=3475\">Les videre <span class=\"meta-nav\">&rarr;<\/span><\/a><\/p>\n","protected":false},"author":373,"featured_media":0,"parent":3462,"menu_order":2,"comment_status":"open","ping_status":"open","template":"","meta":{"_bbp_topic_count":0,"_bbp_reply_count":0,"_bbp_total_topic_count":0,"_bbp_total_reply_count":0,"_bbp_voice_count":0,"_bbp_anonymous_reply_count":0,"_bbp_topic_count_hidden":0,"_bbp_reply_count_hidden":0,"_bbp_forum_subforum_count":0,"footnotes":""},"class_list":["post-3475","page","type-page","status-publish","hentry"],"_links":{"self":[{"href":"https:\/\/www2.scrabbleforbundet.no\/index.php?rest_route=\/wp\/v2\/pages\/3475","targetHints":{"allow":["GET"]}}],"collection":[{"href":"https:\/\/www2.scrabbleforbundet.no\/index.php?rest_route=\/wp\/v2\/pages"}],"about":[{"href":"https:\/\/www2.scrabbleforbundet.no\/index.php?rest_route=\/wp\/v2\/types\/page"}],"author":[{"embeddable":true,"href":"https:\/\/www2.scrabbleforbundet.no\/index.php?rest_route=\/wp\/v2\/users\/373"}],"replies":[{"embeddable":true,"href":"https:\/\/www2.scrabbleforbundet.no\/index.php?rest_route=%2Fwp%2Fv2%2Fcomments&post=3475"}],"version-history":[{"count":1,"href":"https:\/\/www2.scrabbleforbundet.no\/index.php?rest_route=\/wp\/v2\/pages\/3475\/revisions"}],"predecessor-version":[{"id":3476,"href":"https:\/\/www2.scrabbleforbundet.no\/index.php?rest_route=\/wp\/v2\/pages\/3475\/revisions\/3476"}],"up":[{"embeddable":true,"href":"https:\/\/www2.scrabbleforbundet.no\/index.php?rest_route=\/wp\/v2\/pages\/3462"}],"wp:attachment":[{"href":"https:\/\/www2.scrabbleforbundet.no\/index.php?rest_route=%2Fwp%2Fv2%2Fmedia&parent=3475"}],"curies":[{"name":"wp","href":"https:\/\/api.w.org\/{rel}","templated":true}]}}