{"id":3619,"date":"2015-08-22T10:32:53","date_gmt":"2015-08-22T09:32:53","guid":{"rendered":"http:\/\/www2.scrabbleforbundet.no\/?page_id=3619"},"modified":"2015-08-22T10:34:17","modified_gmt":"2015-08-22T09:34:17","slug":"gullbrikkens-statutter","status":"publish","type":"page","link":"https:\/\/www2.scrabbleforbundet.no\/?page_id=3619","title":{"rendered":"Gullbrikkens statutter"},"content":{"rendered":"<ol>\n<li>Norsk Scrabbleforbund hederspris b\u00e6rer navnet Gullbrikken. Prisen deles ut til personer som har gjort en ekstraordin\u00e6r innsats for enten forbundet eller for fremme Scrabble som spill og sport.<\/li>\n<li>Prisen kan deles ut til en person (eventuelt en bedrift eller organisasjon) hver gang, og maksimalt en gang \u00e5rlig. Prisen kan ikke deles. Ogs\u00e5 personer som ikke er medlemmer av Norsk Scrabbleforbund kan v\u00e6re egnede kandidater til \u00e5 vinne prisen.<\/li>\n<li>Forslagsretten er \u00e5pen for alle medlemmer av Norsk Scrabbleforbund. Alle medlemmer oppfordres til \u00e5 sende inn begrunnende forslag. Medlemmer av Hederspriskomiteen kan ogs\u00e5 selv nominere kandidater.4. Vinneren av Gullbrikken utpekes av Hederspriskomiteen. Dersom det er uenighet mellom<br \/>\nmedlemmene av komiteen er det flertallet som bestemmer. Dersom det fremdeles er likt mellom flere kandidater har lederen av komiteen dobbeltstemme. Dersom komiteen ikke finner verdige kandidater deles prisen ikke ut.<\/li>\n<li>Hederspriskomiteen best\u00e5r av tre medlemmer som alle oppnevnes av styret. Styret b\u00f8r vektlegge f\u00f8lgende i sin oppnevning av komitemedlemmer:\n<ul>\n<li>Kontinuitet. Kun ett eller to medlemmer b\u00f8r skiftes ut av gangen.<\/li>\n<li>Medlemmene av komiteen b\u00f8r ikke selv v\u00e6re aktuelle kandidater til \u00e5 vinne prisen. Tidligere mottakere kan gjerne velges.<\/li>\n<li>Medlemsskapsvarighet. Minst en av komitemedlemmene b\u00f8r ha v\u00e6rt medlem i minst fem \u00e5r for \u00e5 kjenne til aktuelle kandidaters bidrag. Allikevel er det en fordel om ett av medlemmene er relativt ny som medlem.<\/li>\n<li>Minst ett medlem i komiteen b\u00f8r sitte enten i styret eller valgkomiteen.<\/li>\n<li>Styret utpeker leder av komiteen.<\/li>\n<\/ul>\n<\/li>\n<li>Hederspriskomiteen fordeler selv arbeidsoppgaver seg imellom.<\/li>\n<li>Hederspriskomiteen kommer med forslag til styret fra gang til gang hva prisen b\u00f8r v\u00e6re (penger, trofeer, gaver eller lignende) basert p\u00e5 en vurdering av hva mottaker vil verdsette. De kommer ogs\u00e5 med forslag til budsjett. Styret godkjenner og bevilger midler.<\/li>\n<li>Prisen kan sponses av eksterne dersom komiteen finner egnede sponsorer som godkjennes av styret.<\/li>\n<li>Prisen deles ut under Norgesmesterskapet i Scrabble av lederen for Hederspriskomiteen.<br \/>\nOverrekkelsen skal inneholde begrunnelsen for valget. Dersom prismottakeren ikke kan v\u00e6re tilstede selv, leses allikevel begrunnelsen opp for deltakerne p\u00e5 Norgesmesterskapet og prisen ettersendes sammen med begrunnelsen.<\/li>\n<li>Statuttene kan endres av generalforsamlingen.<\/li>\n<\/ol>\n","protected":false},"excerpt":{"rendered":"<p>Norsk Scrabbleforbund hederspris b\u00e6rer navnet Gullbrikken. Prisen deles ut til personer som har gjort en ekstraordin\u00e6r innsats for enten forbundet eller for fremme Scrabble som spill og sport. Prisen kan deles ut til en person (eventuelt en bedrift eller organisasjon) &hellip; <a href=\"https:\/\/www2.scrabbleforbundet.no\/?page_id=3619\">Les videre <span class=\"meta-nav\">&rarr;<\/span><\/a><\/p>\n","protected":false},"author":2,"featured_media":0,"parent":6,"menu_order":5,"comment_status":"closed","ping_status":"closed","template":"","meta":{"_bbp_topic_count":0,"_bbp_reply_count":0,"_bbp_total_topic_count":0,"_bbp_total_reply_count":0,"_bbp_voice_count":0,"_bbp_anonymous_reply_count":0,"_bbp_topic_count_hidden":0,"_bbp_reply_count_hidden":0,"_bbp_forum_subforum_count":0,"footnotes":""},"class_list":["post-3619","page","type-page","status-publish","hentry"],"_links":{"self":[{"href":"https:\/\/www2.scrabbleforbundet.no\/index.php?rest_route=\/wp\/v2\/pages\/3619","targetHints":{"allow":["GET"]}}],"collection":[{"href":"https:\/\/www2.scrabbleforbundet.no\/index.php?rest_route=\/wp\/v2\/pages"}],"about":[{"href":"https:\/\/www2.scrabbleforbundet.no\/index.php?rest_route=\/wp\/v2\/types\/page"}],"author":[{"embeddable":true,"href":"https:\/\/www2.scrabbleforbundet.no\/index.php?rest_route=\/wp\/v2\/users\/2"}],"replies":[{"embeddable":true,"href":"https:\/\/www2.scrabbleforbundet.no\/index.php?rest_route=%2Fwp%2Fv2%2Fcomments&post=3619"}],"version-history":[{"count":1,"href":"https:\/\/www2.scrabbleforbundet.no\/index.php?rest_route=\/wp\/v2\/pages\/3619\/revisions"}],"predecessor-version":[{"id":3620,"href":"https:\/\/www2.scrabbleforbundet.no\/index.php?rest_route=\/wp\/v2\/pages\/3619\/revisions\/3620"}],"up":[{"embeddable":true,"href":"https:\/\/www2.scrabbleforbundet.no\/index.php?rest_route=\/wp\/v2\/pages\/6"}],"wp:attachment":[{"href":"https:\/\/www2.scrabbleforbundet.no\/index.php?rest_route=%2Fwp%2Fv2%2Fmedia&parent=3619"}],"curies":[{"name":"wp","href":"https:\/\/api.w.org\/{rel}","templated":true}]}}