{"id":6,"date":"2011-02-19T18:30:32","date_gmt":"2011-02-19T17:30:32","guid":{"rendered":"http:\/\/scrabble.hexproblems.com\/?page_id=2"},"modified":"2013-01-07T11:15:48","modified_gmt":"2013-01-07T10:15:48","slug":"about-2","status":"publish","type":"page","link":"https:\/\/www2.scrabbleforbundet.no\/?page_id=6","title":{"rendered":"Om oss og Scrabble"},"content":{"rendered":"<p>Norsk scrabbleforbund (NSF) ble stiftet i 2010 og er en forening som har som m\u00e5l \u00e5 samle Scrabble-Norge. Det spilles mye Scrabble i de tusen hjem, for ikke \u00e5 snakke om i de tusen hytter. I tillegg har mobilspillet <a title=\"Wordfeud\" href=\"http:\/\/wordfeud.com\/\" target=\"_blank\">Wordfeud<\/a> og nett- og mobilspillet <a title=\"Ordspill\" href=\"http:\/\/www.ordspill.no\/startpage_no\/\" target=\"_blank\">Ordspill<\/a> f\u00f8rt til en kraftig \u00f8kning i interessen for Scrabble. Fra 20. juli 2012 er det NSF-ordlisten som benyttes i disse spillene. Den lages av NSF, og det er forbundets spr\u00e5kkomit\u00e9 som er ansvarlige for arbeidet med denne.<\/p>\n<p>Internasjonalt er Scrabble en popul\u00e6r tankesport, og det arrangeres VM p\u00e5 tre ulike spr\u00e5k: engelsk, spansk og fransk. NSF ser det \u00e5 arrangere turneringer og NM i Scrabble, finne norske deltagere til internasjonale turneringer og \u00e5 fremme Scrabble som sine hovedoppgaver.<\/p>\n","protected":false},"excerpt":{"rendered":"<p>Norsk scrabbleforbund (NSF) ble stiftet i 2010 og er en forening som har som m\u00e5l \u00e5 samle Scrabble-Norge. Det spilles mye Scrabble i de tusen hjem, for ikke \u00e5 snakke om i de tusen hytter. I tillegg har mobilspillet Wordfeud &hellip; <a href=\"https:\/\/www2.scrabbleforbundet.no\/?page_id=6\">Les videre <span class=\"meta-nav\">&rarr;<\/span><\/a><\/p>\n","protected":false},"author":2,"featured_media":0,"parent":0,"menu_order":0,"comment_status":"open","ping_status":"open","template":"","meta":{"_bbp_topic_count":0,"_bbp_reply_count":0,"_bbp_total_topic_count":0,"_bbp_total_reply_count":0,"_bbp_voice_count":0,"_bbp_anonymous_reply_count":0,"_bbp_topic_count_hidden":0,"_bbp_reply_count_hidden":0,"_bbp_forum_subforum_count":0,"footnotes":""},"class_list":["post-6","page","type-page","status-publish","hentry"],"_links":{"self":[{"href":"https:\/\/www2.scrabbleforbundet.no\/index.php?rest_route=\/wp\/v2\/pages\/6","targetHints":{"allow":["GET"]}}],"collection":[{"href":"https:\/\/www2.scrabbleforbundet.no\/index.php?rest_route=\/wp\/v2\/pages"}],"about":[{"href":"https:\/\/www2.scrabbleforbundet.no\/index.php?rest_route=\/wp\/v2\/types\/page"}],"author":[{"embeddable":true,"href":"https:\/\/www2.scrabbleforbundet.no\/index.php?rest_route=\/wp\/v2\/users\/2"}],"replies":[{"embeddable":true,"href":"https:\/\/www2.scrabbleforbundet.no\/index.php?rest_route=%2Fwp%2Fv2%2Fcomments&post=6"}],"version-history":[{"count":4,"href":"https:\/\/www2.scrabbleforbundet.no\/index.php?rest_route=\/wp\/v2\/pages\/6\/revisions"}],"predecessor-version":[{"id":5121,"href":"https:\/\/www2.scrabbleforbundet.no\/index.php?rest_route=\/wp\/v2\/pages\/6\/revisions\/5121"}],"wp:attachment":[{"href":"https:\/\/www2.scrabbleforbundet.no\/index.php?rest_route=%2Fwp%2Fv2%2Fmedia&parent=6"}],"curies":[{"name":"wp","href":"https:\/\/api.w.org\/{rel}","templated":true}]}}