{"id":719,"date":"2011-12-08T22:19:42","date_gmt":"2011-12-08T21:19:42","guid":{"rendered":"http:\/\/www2.scrabbleforbundet.no\/?page_id=719"},"modified":"2026-03-22T16:54:57","modified_gmt":"2026-03-22T15:54:57","slug":"vedtekter","status":"publish","type":"page","link":"https:\/\/www2.scrabbleforbundet.no\/?page_id=719","title":{"rendered":"Vedtekter"},"content":{"rendered":"<p><strong>Vedtekter for Norsk Scrabbleforbund<\/strong><\/p>\n<p>Vedtatt p\u00e5 generalforsamling 2011<br \/>Endringer vedtatt p\u00e5 generalforsamlinger i 2013, 2016 og 2026<\/p>\n<p><strong>\u00a7 1 Grunnlag og form\u00e5l<\/strong><\/p>\n<p>Norsk Scrabbleforbund (NSF) er et selvstendig, demokratisk og uavhengig forbund.<\/p>\n<p>Forbundet har som form\u00e5l \u00e5 fremme interessen for spillet Scrabble, spesielt som konkurransesport.<\/p>\n<p>Forbundet \u00f8nsker \u00e5 bidra til skjerpet interesse for det norske spr\u00e5ket og skape et sosialt og hyggelig milj\u00f8 for sine medlemmer.<\/p>\n<p>Forbundets engelskspr\u00e5klige navn er Norwegian Scrabble Association, som i l\u00f8pende tekst kan ha den bestemte artikkelen \u00abthe\u00bb foran seg.<\/p>\n<p><strong>\u00a7 2 Medlemmer<\/strong><\/p>\n<p>Medlemskapet i forbundet er personlig. Alle medlemmer skal betale \u00e5rskontingent til forbundet.<\/p>\n<p>Et medlem som p\u00e5 grovt vis skader forbundets anseelse eller motarbeider dets form\u00e5l, kan ekskluderes som medlem av forbundet. Det er forbundsstyret som kan fatte vedtak om eksklusjon.<\/p>\n<p><strong>\u00a7 3 Generalforsamling<\/strong><\/p>\n<p>Generalforsamlingen er forbundets \u00f8verste myndighet. Det skal avholdes generalforsamling \u00e9n gang i \u00e5ret. Forbundsstyret kunngj\u00f8r generalforsamlingen med minst 6 ukers varsel.<\/p>\n<p>Saker som \u00f8nskes behandlet, skal v\u00e6re innsendt til forbundsstyret senest \u00e9n m\u00e5ned f\u00f8r generalforsamlingen. Innkalling med saksliste og sakspapirer sendes medlemmene senest to uker f\u00f8r generalforsamlingen.<\/p>\n<p>Alle medlemmer som har betalt kontingent og har v\u00e6rt medlem i minst 2 uker, har stemmerett p\u00e5 generalforsamlingen med \u00e9n stemme hver. For personer som var medlem foreg\u00e5ende \u00e5r, aksepteres betaling av kontingent fram til m\u00f8testart. Medlemmer som ikke m\u00f8ter personlig, har anledning til \u00e5 avgi stemme via fullmakt. Ingen kan ha med fullmakt for mer enn to andre medlemmer. Alle vedtak fattes med alminnelig flertall av de avgitte stemmer. P\u00e5 generalforsamlingen er dirigentens stemme avgj\u00f8rende ved stemmelikhet bortsett fra ved valg.<\/p>\n<p>Valg skal foreg\u00e5 skriftlig hvis det foreligger mer enn ett forslag, eller det fremmes krav om det. Bare foresl\u00e5tte kandidater kan f\u00f8res p\u00e5 stemmeseddelen. Stemmesedler som er blanke, eller som inneholder ikke foresl\u00e5tte kandidater, teller ikke, og stemmeseddelen anses som ikke avgitt. Ved stemmelikhet foretas omvalg; ved fortsatt stemmelikhet avgj\u00f8res valget ved loddtrekning.<\/p>\n<p>P\u00e5 generalforsamlingen kan det ikke behandles forslag om endring av vedtektene eller oppl\u00f8sning av forbundet uten at dette er oppf\u00f8rt p\u00e5 den utsendte saksliste. Andre saker som ikke er oppf\u00f8rt p\u00e5 sakslisten, kan behandles n\u00e5r 2\/3 av de fremm\u00f8tte vedtar det. En slik beslutning m\u00e5 tas i forbindelse med vedtak om godkjennelse av dagsorden.<\/p>\n<p><strong>\u00a7 4 Generalforsamlingens oppgaver<\/strong><\/p>\n<p>Generalforsamlingen skal:<\/p>\n<ul>\n<li>Konstituere seg\n<ul>\n<li>Foreta manntallsopptelling og godkjenne fullmakter<\/li>\n<li>Godkjenne innkalling og dagsorden<\/li>\n<li>Velge referent<\/li>\n<li>Velge dirigent<\/li>\n<li>Velge 2 representanter til \u00e5 underskrive protokollen<\/li>\n<\/ul>\n<\/li>\n<li>Behandle forbundsstyrets beretning<\/li>\n<li>Behandle de avsluttede og reviderte regnskaper for generalforsamlingsperioden og fatte vedtak om ansvarsfrihet for styret<\/li>\n<li>Behandle forslag til endringer av vedtekter<\/li>\n<li>Behandle andre innkomne forslag<\/li>\n<li>Foreta valg til f\u00f8lgende tillitsverv:\n<ul>\n<li>President, jfr. \u00a7 6<\/li>\n<li>Styremedlemmer til forbundsstyret, jfr. \u00a7 6<\/li>\n<li>Valgkomit\u00e9 best\u00e5ende av leder og to medlemmer<\/li>\n<li>Revisor<\/li>\n<\/ul>\n<\/li>\n<\/ul>\n<p><strong>\u00a7 5 Ekstraordin\u00e6r generalforsamling<\/strong><\/p>\n<p>Ekstraordin\u00e6r generalforsamling skal holdes n\u00e5r forbundsstyret eller minst 1\/3 av medlemmene krever det. Ekstraordin\u00e6r generalforsamling kan innkalles p\u00e5 \u00e9n m\u00e5neds varsel.<\/p>\n<p>P\u00e5 ekstraordin\u00e6r generalforsamling kan det bare behandles saker som er omfattet av kravet om ekstraordin\u00e6r generalforsamling og som er kunngjort i innkallingen.<\/p>\n<p><strong>\u00a7 6 Forbundsstyret<\/strong><\/p>\n<p>Forbundsstyret leder Norsk Scrabbleforbunds virksomhet mellom generalforsamlingene. Forbundsstyret best\u00e5r av en president og 4 til 7 medlemmer. Minst to av styremedlemmene skal velges for to \u00e5r av gangen. De \u00f8vrige kan velges for ett. Det kan velges varamedlemmer.<\/p>\n<p>Forbundsstyret konstituerer seg p\u00e5 f\u00f8rste styrem\u00f8te etter generalforsamlingen.<\/p>\n<p><strong>\u00a7 7 Forbundsstyrets oppgaver<\/strong><\/p>\n<p>Forbundsstyret skal:<\/p>\n<ul>\n<li>Iverksette generalforsamlingens beslutninger og h\u00e5ndheve forbundets vedtekter.<\/li>\n<li>Forvalte forbundets midler og eiendeler.<\/li>\n<li>Fastsette og kreve inn kontingent og ajourholde medlemsregister.<\/li>\n<li>Arbeide med informasjons- og rekrutteringstiltak.<\/li>\n<li>Oppnevne komiteer etter behov, samt utarbeide instruks for disse.<\/li>\n<li>Sette opp en nasjonal terminliste og kunngj\u00f8re denne for medlemmene.<\/li>\n<li>Organisere gjennomf\u00f8ring av Norgesmesterskapet. Arrangementet kan gjennomf\u00f8res i samarbeid med kommersielle akt\u00f8rer.<\/li>\n<li>Utarbeide og legge fram for generalforsamlingen beretning og revidert regnskap og for \u00f8vrig forberede alle andre saker som skal behandles p\u00e5 generalforsamlingen.<\/li>\n<li>Publisere generalforsamlingens protokoll p\u00e5 forbundets hjemmeside.<\/li>\n<li>Representere Norsk Scrabbleforbund utad.<\/li>\n<\/ul>\n<p><strong>\u00a7 8 Vedtektsendringer<\/strong><\/p>\n<p>Endringer i disse vedtekter kan fattes av generalforsamlingen med to tredjedels flertall blant de avgitte stemmer.<\/p>\n<p><strong>\u00a7 9 Oppl\u00f8sning<\/strong><\/p>\n<p>Norsk Scrabbleforbund kan oppl\u00f8ses av generalforsamlingen dersom minst \u00be av de oppm\u00f8tte medlemmene stemmer for. Blir oppl\u00f8sning vedtatt, skal generalforsamlingen ogs\u00e5 bestemme hvordan Norsk Scrabbleforbunds midler skal anvendes.<\/p>\n<p><strong>\u00a7 10 Signaturrett<\/strong><\/p>\n<p>Styrets leder (presidenten) og ett annet styremedlem har signaturrett i fellesskap.<\/p>\n\n\n<p><\/p>\n","protected":false},"excerpt":{"rendered":"<p>Vedtekter for Norsk Scrabbleforbund Vedtatt p\u00e5 generalforsamling 2011Endringer vedtatt p\u00e5 generalforsamlinger i 2013, 2016 og 2026 \u00a7 1 Grunnlag og form\u00e5l Norsk Scrabbleforbund (NSF) er et selvstendig, demokratisk og uavhengig forbund. Forbundet har som form\u00e5l \u00e5 fremme interessen for spillet &hellip; <a href=\"https:\/\/www2.scrabbleforbundet.no\/?page_id=719\">Les videre <span class=\"meta-nav\">&rarr;<\/span><\/a><\/p>\n","protected":false},"author":3,"featured_media":0,"parent":16,"menu_order":1,"comment_status":"open","ping_status":"open","template":"","meta":{"_bbp_topic_count":0,"_bbp_reply_count":0,"_bbp_total_topic_count":0,"_bbp_total_reply_count":0,"_bbp_voice_count":0,"_bbp_anonymous_reply_count":0,"_bbp_topic_count_hidden":0,"_bbp_reply_count_hidden":0,"_bbp_forum_subforum_count":0,"footnotes":""},"class_list":["post-719","page","type-page","status-publish","hentry"],"_links":{"self":[{"href":"https:\/\/www2.scrabbleforbundet.no\/index.php?rest_route=\/wp\/v2\/pages\/719","targetHints":{"allow":["GET"]}}],"collection":[{"href":"https:\/\/www2.scrabbleforbundet.no\/index.php?rest_route=\/wp\/v2\/pages"}],"about":[{"href":"https:\/\/www2.scrabbleforbundet.no\/index.php?rest_route=\/wp\/v2\/types\/page"}],"author":[{"embeddable":true,"href":"https:\/\/www2.scrabbleforbundet.no\/index.php?rest_route=\/wp\/v2\/users\/3"}],"replies":[{"embeddable":true,"href":"https:\/\/www2.scrabbleforbundet.no\/index.php?rest_route=%2Fwp%2Fv2%2Fcomments&post=719"}],"version-history":[{"count":8,"href":"https:\/\/www2.scrabbleforbundet.no\/index.php?rest_route=\/wp\/v2\/pages\/719\/revisions"}],"predecessor-version":[{"id":5409,"href":"https:\/\/www2.scrabbleforbundet.no\/index.php?rest_route=\/wp\/v2\/pages\/719\/revisions\/5409"}],"up":[{"embeddable":true,"href":"https:\/\/www2.scrabbleforbundet.no\/index.php?rest_route=\/wp\/v2\/pages\/16"}],"wp:attachment":[{"href":"https:\/\/www2.scrabbleforbundet.no\/index.php?rest_route=%2Fwp%2Fv2%2Fmedia&parent=719"}],"curies":[{"name":"wp","href":"https:\/\/api.w.org\/{rel}","templated":true}]}}